{"id":15809,"date":"2017-05-23T14:54:19","date_gmt":"2017-05-23T14:54:19","guid":{"rendered":"https:\/\/pezoules.gr\/suites\/"},"modified":"2021-02-21T14:02:33","modified_gmt":"2021-02-21T14:02:33","slug":"suites","status":"publish","type":"page","link":"https:\/\/pezoules.gr\/de\/suites\/","title":{"rendered":"UNSERE SUITEN"},"content":{"rendered":"<div id=\"cmsmasters_row_bb47f2d3d6\" class=\"cmsmasters_row cmsmasters_color_scheme_default cmsmasters_row_top_default cmsmasters_row_bot_default cmsmasters_row_boxed\">\n<div class=\"cmsmasters_row_outer_parent\">\n<div class=\"cmsmasters_row_outer\">\n<div class=\"cmsmasters_row_inner\">\n<div class=\"cmsmasters_row_margin\">\n<div id=\"cmsmasters_column_8e96cd72d4\" class=\"cmsmasters_column one_first\">\n<div class=\"cmsmasters_column_inner\"><div id=\"cmsmasters_heading_d2efd40b3c\" class=\"cmsmasters_heading_wrap cmsmasters_heading_align_center\">\n\t<h3 class=\"cmsmasters_heading\">Besuchen Sie<\/h3>\n<\/div><div id=\"cmsmasters_heading_b36a821605\" class=\"cmsmasters_heading_wrap cmsmasters_heading_align_center\">\n\t<h2 class=\"cmsmasters_heading\">UNSERE SUITEN<\/h2>\n<\/div>\n<div id=\"portfolio_d3f4161054\" class=\"cmsmasters_wrap_portfolio entry-summary\" data-layout=\"grid\" data-layout-mode=\"perfect\" data-url=\"https:\/\/pezoules.gr\/wp-content\/plugins\/cmsmasters-content-composer\/\" data-orderby=\"date\" data-order=\"ASC\" data-count=\"7\" data-categories=\"\" data-metadata=\"title,excerpt,more\"><div class=\"portfolio grid large_gap perfect cmsmasters_3\"><!-- Start Project Grid Article -->\r\n<article id=\"post-15852\" class=\"cmsmasters_project_grid post-15852 project type-project status-publish format-standard has-post-thumbnail hentry\">\r\n\t<div class=\"project_outer\">\r\n\t<div class=\"project_img_wrap\"><figure class=\"cmsmasters_img_rollover_wrap preloader\"><img loading=\"lazy\" decoding=\"async\" width=\"580\" height=\"420\" src=\"https:\/\/pezoules.gr\/wp-content\/uploads\/2020\/11\/01_pezoules_mantzourana_01_c-580x420.jpg\" class=\"full-width wp-post-image\" alt=\"MANTZOURANA\" title=\"01_pezoules_mantzourana_01_c\" \/><a href=\"https:\/\/pezoules.gr\/de\/room\/mantzourana\/\" title=\"MANTZOURANA\" class=\"cmsmasters_open_link\"><\/a><\/figure><\/div><header class=\"cmsmasters_project_header entry-header\"><h3 class=\"cmsmasters_project_title entry-title\"><a href=\"https:\/\/pezoules.gr\/de\/room\/mantzourana\/\">MANTZOURANA<\/a><\/h3><\/header><div class=\"cmsmasters_project_cont_info_wrapper\"><a class=\"cmsmasters_project_read_more\" href=\"https:\/\/pezoules.gr\/de\/room\/mantzourana\/\">Mehr<\/a><\/div><div class=\"cmsmasters_project_content entry-content\">\n<p>Ger\u00e4umige, stilvolle und bequeme Suite, die ein sonniges, helles Innere mit Minimaldekor bietet. <\/p>\n<\/div>\n<span class=\"dn meta-date\">20170510132206<\/span>\t<\/div>\r\n<\/article>\r\n<!-- Finish Project Grid Article -->\r\n\r\n<!-- Start Project Grid Article -->\r\n<article id=\"post-15850\" class=\"cmsmasters_project_grid post-15850 project type-project status-publish format-standard has-post-thumbnail hentry\">\r\n\t<div class=\"project_outer\">\r\n\t<div class=\"project_img_wrap\"><figure class=\"cmsmasters_img_rollover_wrap preloader\"><img loading=\"lazy\" decoding=\"async\" width=\"580\" height=\"420\" src=\"https:\/\/pezoules.gr\/wp-content\/uploads\/2020\/11\/02_pezoules_valeriana_02_c-580x420.jpg\" class=\"full-width wp-post-image\" alt=\"VALERIANA\" title=\"02_pezoules_valeriana_02_c\" \/><a href=\"https:\/\/pezoules.gr\/de\/room\/valeriana\/\" title=\"VALERIANA\" class=\"cmsmasters_open_link\"><\/a><\/figure><\/div><header class=\"cmsmasters_project_header entry-header\"><h3 class=\"cmsmasters_project_title entry-title\"><a href=\"https:\/\/pezoules.gr\/de\/room\/valeriana\/\">VALERIANA<\/a><\/h3><\/header><div class=\"cmsmasters_project_cont_info_wrapper\"><a class=\"cmsmasters_project_read_more\" href=\"https:\/\/pezoules.gr\/de\/room\/valeriana\/\">Mehr<\/a><\/div><div class=\"cmsmasters_project_content entry-content\">\n<p>Ger\u00e4umige, stilvolle und bequeme Suite, die ein sonniges Innere mit Minimaldekor bietet. <\/p>\n<\/div>\n<span class=\"dn meta-date\">20170510143118<\/span>\t<\/div>\r\n<\/article>\r\n<!-- Finish Project Grid Article -->\r\n\r\n<!-- Start Project Grid Article -->\r\n<article id=\"post-15848\" class=\"cmsmasters_project_grid post-15848 project type-project status-publish format-standard has-post-thumbnail hentry\">\r\n\t<div class=\"project_outer\">\r\n\t<div class=\"project_img_wrap\"><figure class=\"cmsmasters_img_rollover_wrap preloader\"><img loading=\"lazy\" decoding=\"async\" width=\"580\" height=\"420\" src=\"https:\/\/pezoules.gr\/wp-content\/uploads\/2020\/11\/03_pezoules_louisa_01_c-580x420.jpg\" class=\"full-width wp-post-image\" alt=\"LOUISA\" title=\"03_pezoules_louisa_01_c\" \/><a href=\"https:\/\/pezoules.gr\/de\/room\/louisa\/\" title=\"LOUISA\" class=\"cmsmasters_open_link\"><\/a><\/figure><\/div><header class=\"cmsmasters_project_header entry-header\"><h3 class=\"cmsmasters_project_title entry-title\"><a href=\"https:\/\/pezoules.gr\/de\/room\/louisa\/\">LOUISA<\/a><\/h3><\/header><div class=\"cmsmasters_project_cont_info_wrapper\"><a class=\"cmsmasters_project_read_more\" href=\"https:\/\/pezoules.gr\/de\/room\/louisa\/\">Mehr<\/a><\/div><div class=\"cmsmasters_project_content entry-content\">\n<p>Traditionelle, ger\u00e4umige in den Felsen gehauene Suite<\/p>\n<\/div>\n<span class=\"dn meta-date\">20170511095315<\/span>\t<\/div>\r\n<\/article>\r\n<!-- Finish Project Grid Article -->\r\n\r\n<!-- Start Project Grid Article -->\r\n<article id=\"post-15846\" class=\"cmsmasters_project_grid post-15846 project type-project status-publish format-standard has-post-thumbnail hentry\">\r\n\t<div class=\"project_outer\">\r\n\t<div class=\"project_img_wrap\"><figure class=\"cmsmasters_img_rollover_wrap preloader\"><img loading=\"lazy\" decoding=\"async\" width=\"580\" height=\"420\" src=\"https:\/\/pezoules.gr\/wp-content\/uploads\/2020\/11\/04_pezoules_ligaria_01_c-580x420.jpg\" class=\"full-width wp-post-image\" alt=\"LIGARIA\" title=\"04_pezoules_ligaria_01_c\" \/><a href=\"https:\/\/pezoules.gr\/de\/room\/ligaria\/\" title=\"LIGARIA\" class=\"cmsmasters_open_link\"><\/a><\/figure><\/div><header class=\"cmsmasters_project_header entry-header\"><h3 class=\"cmsmasters_project_title entry-title\"><a href=\"https:\/\/pezoules.gr\/de\/room\/ligaria\/\">LIGARIA<\/a><\/h3><\/header><div class=\"cmsmasters_project_cont_info_wrapper\"><a class=\"cmsmasters_project_read_more\" href=\"https:\/\/pezoules.gr\/de\/room\/ligaria\/\">Mehr<\/a><\/div><div class=\"cmsmasters_project_content entry-content\">\n<p>Traditionelle H\u00f6hlensuite mit minimalistischem Dekor, einschlie\u00dflich des Original-\u201cLino\u201c, in dem Traubenmost gesammelt wurde, nachdem die Trauben gepresst wurden.<\/p>\n<\/div>\n<span class=\"dn meta-date\">20170512093941<\/span>\t<\/div>\r\n<\/article>\r\n<!-- Finish Project Grid Article -->\r\n\r\n<!-- Start Project Grid Article -->\r\n<article id=\"post-15843\" class=\"cmsmasters_project_grid post-15843 project type-project status-publish format-standard has-post-thumbnail hentry\">\r\n\t<div class=\"project_outer\">\r\n\t<div class=\"project_img_wrap\"><figure class=\"cmsmasters_img_rollover_wrap preloader\"><img loading=\"lazy\" decoding=\"async\" width=\"580\" height=\"420\" src=\"https:\/\/pezoules.gr\/wp-content\/uploads\/2020\/11\/05_pezoules_althaea_01_c-580x420.jpg\" class=\"full-width wp-post-image\" alt=\"ALTHAEA\" title=\"05_pezoules_althaea_01_c\" \/><a href=\"https:\/\/pezoules.gr\/de\/room\/althaea\/\" title=\"ALTHAEA\" class=\"cmsmasters_open_link\"><\/a><\/figure><\/div><header class=\"cmsmasters_project_header entry-header\"><h3 class=\"cmsmasters_project_title entry-title\"><a href=\"https:\/\/pezoules.gr\/de\/room\/althaea\/\">ALTHAEA<\/a><\/h3><\/header><div class=\"cmsmasters_project_cont_info_wrapper\"><a class=\"cmsmasters_project_read_more\" href=\"https:\/\/pezoules.gr\/de\/room\/althaea\/\">Mehr<\/a><\/div><div class=\"cmsmasters_project_content entry-content\">\n<p>H\u00f6hlensuite ideal f\u00fcr Hochzeitsreisende. Die H\u00f6hlensuite Althaea verf\u00fcgt \u00fcber einen harmonisch ger\u00e4umigen Sitzbereich, der luxuri\u00f6se Entspannung bietet.<\/p>\n<\/div>\n<span class=\"dn meta-date\">20170513094742<\/span>\t<\/div>\r\n<\/article>\r\n<!-- Finish Project Grid Article -->\r\n\r\n<!-- Start Project Grid Article -->\r\n<article id=\"post-15841\" class=\"cmsmasters_project_grid post-15841 project type-project status-publish format-standard has-post-thumbnail hentry\">\r\n\t<div class=\"project_outer\">\r\n\t<div class=\"project_img_wrap\"><figure class=\"cmsmasters_img_rollover_wrap preloader\"><img loading=\"lazy\" decoding=\"async\" width=\"580\" height=\"420\" src=\"https:\/\/pezoules.gr\/wp-content\/uploads\/2020\/11\/06_pezoules_mentha_01_c-580x420.jpg\" class=\"full-width wp-post-image\" alt=\"MENTHA\" title=\"06_pezoules_mentha_01_c\" \/><a href=\"https:\/\/pezoules.gr\/de\/room\/mentha\/\" title=\"MENTHA\" class=\"cmsmasters_open_link\"><\/a><\/figure><\/div><header class=\"cmsmasters_project_header entry-header\"><h3 class=\"cmsmasters_project_title entry-title\"><a href=\"https:\/\/pezoules.gr\/de\/room\/mentha\/\">MENTHA<\/a><\/h3><\/header><div class=\"cmsmasters_project_cont_info_wrapper\"><a class=\"cmsmasters_project_read_more\" href=\"https:\/\/pezoules.gr\/de\/room\/mentha\/\">Mehr<\/a><\/div><div class=\"cmsmasters_project_content entry-content\">\n<p>Gem\u00fctliche H\u00f6hlensuite, die Privatsph\u00e4re und Inselluxus bietet.<\/p>\n<\/div>\n<span class=\"dn meta-date\">20170518091419<\/span>\t<\/div>\r\n<\/article>\r\n<!-- Finish Project Grid Article -->\r\n\r\n<!-- Start Project Grid Article -->\r\n<article id=\"post-15839\" class=\"cmsmasters_project_grid post-15839 project type-project status-publish format-standard has-post-thumbnail hentry\">\r\n\t<div class=\"project_outer\">\r\n\t<div class=\"project_img_wrap\"><figure class=\"cmsmasters_img_rollover_wrap preloader\"><img loading=\"lazy\" decoding=\"async\" width=\"580\" height=\"420\" src=\"https:\/\/pezoules.gr\/wp-content\/uploads\/2020\/11\/07_pezoules_levanta_01_c-580x420.jpg\" class=\"full-width wp-post-image\" alt=\"LEVANTA\" title=\"07_pezoules_levanta_01_c\" \/><a href=\"https:\/\/pezoules.gr\/de\/room\/levanta\/\" title=\"LEVANTA\" class=\"cmsmasters_open_link\"><\/a><\/figure><\/div><header class=\"cmsmasters_project_header entry-header\"><h3 class=\"cmsmasters_project_title entry-title\"><a href=\"https:\/\/pezoules.gr\/de\/room\/levanta\/\">LEVANTA<\/a><\/h3><\/header><div class=\"cmsmasters_project_cont_info_wrapper\"><a class=\"cmsmasters_project_read_more\" href=\"https:\/\/pezoules.gr\/de\/room\/levanta\/\">Mehr<\/a><\/div><div class=\"cmsmasters_project_content entry-content\">\n<p>Romantische H\u00f6hlensuite, dem Meer am n\u00e4chsten.<\/p>\n<\/div>\n<span class=\"dn meta-date\">20170518092220<\/span>\t<\/div>\r\n<\/article>\r\n<!-- Finish Project Grid Article -->\r\n\r\n<\/div><\/div>\n<\/div><\/div>\n<\/div>\n<\/div>\n<\/div>\n<\/div>\n<\/div>\n\n","protected":false},"excerpt":{"rendered":"","protected":false},"author":1,"featured_media":0,"parent":0,"menu_order":1,"comment_status":"closed","ping_status":"closed","template":"","meta":{"inline_featured_image":false,"footnotes":""},"class_list":["post-15809","page","type-page","status-publish","hentry"],"yoast_head":"<!-- This site is optimized with the Yoast SEO plugin v26.9 - https:\/\/yoast.com\/product\/yoast-seo-wordpress\/ -->\n<title>UNSERE SUITEN - Pezoules of Oia Hotel - Boutique Hotel in Santorini<\/title>\n<meta name=\"robots\" content=\"index, follow, max-snippet:-1, max-image-preview:large, max-video-preview:-1\" \/>\n<link rel=\"canonical\" href=\"https:\/\/pezoules.gr\/de\/suites\/\" \/>\n<meta property=\"og:locale\" content=\"de_DE\" \/>\n<meta property=\"og:type\" content=\"article\" \/>\n<meta property=\"og:title\" content=\"UNSERE SUITEN - Pezoules of Oia Hotel - Boutique Hotel in Santorini\" \/>\n<meta property=\"og:url\" content=\"https:\/\/pezoules.gr\/de\/suites\/\" \/>\n<meta property=\"og:site_name\" content=\"Pezoules of Oia Hotel - Boutique Hotel in Santorini\" \/>\n<meta property=\"article:publisher\" content=\"https:\/\/www.facebook.com\/pezoia\/\" \/>\n<meta property=\"article:modified_time\" content=\"2021-02-21T14:02:33+00:00\" \/>\n<meta name=\"twitter:card\" content=\"summary_large_image\" \/>\n<meta name=\"twitter:label1\" content=\"Gesch\u00e4tzte Lesezeit\" \/>\n\t<meta name=\"twitter:data1\" content=\"1\u00a0Minute\" \/>\n<script type=\"application\/ld+json\" class=\"yoast-schema-graph\">{\"@context\":\"https:\/\/schema.org\",\"@graph\":[{\"@type\":\"WebPage\",\"@id\":\"https:\/\/pezoules.gr\/de\/suites\/\",\"url\":\"https:\/\/pezoules.gr\/de\/suites\/\",\"name\":\"UNSERE SUITEN - Pezoules of Oia Hotel - Boutique Hotel in Santorini\",\"isPartOf\":{\"@id\":\"https:\/\/pezoules.gr\/de\/#website\"},\"datePublished\":\"2017-05-23T14:54:19+00:00\",\"dateModified\":\"2021-02-21T14:02:33+00:00\",\"breadcrumb\":{\"@id\":\"https:\/\/pezoules.gr\/de\/suites\/#breadcrumb\"},\"inLanguage\":\"de\",\"potentialAction\":[{\"@type\":\"ReadAction\",\"target\":[\"https:\/\/pezoules.gr\/de\/suites\/\"]}]},{\"@type\":\"BreadcrumbList\",\"@id\":\"https:\/\/pezoules.gr\/de\/suites\/#breadcrumb\",\"itemListElement\":[{\"@type\":\"ListItem\",\"position\":1,\"name\":\"STARTSEITE\",\"item\":\"https:\/\/pezoules.gr\/de\/\"},{\"@type\":\"ListItem\",\"position\":2,\"name\":\"UNSERE SUITEN\"}]},{\"@type\":\"WebSite\",\"@id\":\"https:\/\/pezoules.gr\/de\/#website\",\"url\":\"https:\/\/pezoules.gr\/de\/\",\"name\":\"Welcome to Pezoules of Oia\",\"description\":\"PEZOULES - EXCLUSIVE STAY HOTEL IN OIA SANTORINI\",\"publisher\":{\"@id\":\"https:\/\/pezoules.gr\/de\/#organization\"},\"potentialAction\":[{\"@type\":\"SearchAction\",\"target\":{\"@type\":\"EntryPoint\",\"urlTemplate\":\"https:\/\/pezoules.gr\/de\/?s={search_term_string}\"},\"query-input\":{\"@type\":\"PropertyValueSpecification\",\"valueRequired\":true,\"valueName\":\"search_term_string\"}}],\"inLanguage\":\"de\"},{\"@type\":\"Organization\",\"@id\":\"https:\/\/pezoules.gr\/de\/#organization\",\"name\":\"Pezoules of Oia\",\"url\":\"https:\/\/pezoules.gr\/de\/\",\"logo\":{\"@type\":\"ImageObject\",\"inLanguage\":\"de\",\"@id\":\"https:\/\/pezoules.gr\/de\/#\/schema\/logo\/image\/\",\"url\":\"https:\/\/pezoules.gr\/wp-content\/uploads\/2020\/11\/pezoules_logo.png\",\"contentUrl\":\"https:\/\/pezoules.gr\/wp-content\/uploads\/2020\/11\/pezoules_logo.png\",\"width\":200,\"height\":70,\"caption\":\"Pezoules of Oia\"},\"image\":{\"@id\":\"https:\/\/pezoules.gr\/de\/#\/schema\/logo\/image\/\"},\"sameAs\":[\"https:\/\/www.facebook.com\/pezoia\/\",\"https:\/\/www.instagram.com\/pezoules\/\"]}]}<\/script>\n<!-- \/ Yoast SEO plugin. -->","yoast_head_json":{"title":"UNSERE SUITEN - Pezoules of Oia Hotel - Boutique Hotel in Santorini","robots":{"index":"index","follow":"follow","max-snippet":"max-snippet:-1","max-image-preview":"max-image-preview:large","max-video-preview":"max-video-preview:-1"},"canonical":"https:\/\/pezoules.gr\/de\/suites\/","og_locale":"de_DE","og_type":"article","og_title":"UNSERE SUITEN - Pezoules of Oia Hotel - Boutique Hotel in Santorini","og_url":"https:\/\/pezoules.gr\/de\/suites\/","og_site_name":"Pezoules of Oia Hotel - Boutique Hotel in Santorini","article_publisher":"https:\/\/www.facebook.com\/pezoia\/","article_modified_time":"2021-02-21T14:02:33+00:00","twitter_card":"summary_large_image","twitter_misc":{"Gesch\u00e4tzte Lesezeit":"1\u00a0Minute"},"schema":{"@context":"https:\/\/schema.org","@graph":[{"@type":"WebPage","@id":"https:\/\/pezoules.gr\/de\/suites\/","url":"https:\/\/pezoules.gr\/de\/suites\/","name":"UNSERE SUITEN - Pezoules of Oia Hotel - Boutique Hotel in Santorini","isPartOf":{"@id":"https:\/\/pezoules.gr\/de\/#website"},"datePublished":"2017-05-23T14:54:19+00:00","dateModified":"2021-02-21T14:02:33+00:00","breadcrumb":{"@id":"https:\/\/pezoules.gr\/de\/suites\/#breadcrumb"},"inLanguage":"de","potentialAction":[{"@type":"ReadAction","target":["https:\/\/pezoules.gr\/de\/suites\/"]}]},{"@type":"BreadcrumbList","@id":"https:\/\/pezoules.gr\/de\/suites\/#breadcrumb","itemListElement":[{"@type":"ListItem","position":1,"name":"STARTSEITE","item":"https:\/\/pezoules.gr\/de\/"},{"@type":"ListItem","position":2,"name":"UNSERE SUITEN"}]},{"@type":"WebSite","@id":"https:\/\/pezoules.gr\/de\/#website","url":"https:\/\/pezoules.gr\/de\/","name":"Welcome to Pezoules of Oia","description":"PEZOULES - EXCLUSIVE STAY HOTEL IN OIA SANTORINI","publisher":{"@id":"https:\/\/pezoules.gr\/de\/#organization"},"potentialAction":[{"@type":"SearchAction","target":{"@type":"EntryPoint","urlTemplate":"https:\/\/pezoules.gr\/de\/?s={search_term_string}"},"query-input":{"@type":"PropertyValueSpecification","valueRequired":true,"valueName":"search_term_string"}}],"inLanguage":"de"},{"@type":"Organization","@id":"https:\/\/pezoules.gr\/de\/#organization","name":"Pezoules of Oia","url":"https:\/\/pezoules.gr\/de\/","logo":{"@type":"ImageObject","inLanguage":"de","@id":"https:\/\/pezoules.gr\/de\/#\/schema\/logo\/image\/","url":"https:\/\/pezoules.gr\/wp-content\/uploads\/2020\/11\/pezoules_logo.png","contentUrl":"https:\/\/pezoules.gr\/wp-content\/uploads\/2020\/11\/pezoules_logo.png","width":200,"height":70,"caption":"Pezoules of Oia"},"image":{"@id":"https:\/\/pezoules.gr\/de\/#\/schema\/logo\/image\/"},"sameAs":["https:\/\/www.facebook.com\/pezoia\/","https:\/\/www.instagram.com\/pezoules\/"]}]}},"_links":{"self":[{"href":"https:\/\/pezoules.gr\/de\/wp-json\/wp\/v2\/pages\/15809","targetHints":{"allow":["GET"]}}],"collection":[{"href":"https:\/\/pezoules.gr\/de\/wp-json\/wp\/v2\/pages"}],"about":[{"href":"https:\/\/pezoules.gr\/de\/wp-json\/wp\/v2\/types\/page"}],"author":[{"embeddable":true,"href":"https:\/\/pezoules.gr\/de\/wp-json\/wp\/v2\/users\/1"}],"replies":[{"embeddable":true,"href":"https:\/\/pezoules.gr\/de\/wp-json\/wp\/v2\/comments?post=15809"}],"version-history":[{"count":5,"href":"https:\/\/pezoules.gr\/de\/wp-json\/wp\/v2\/pages\/15809\/revisions"}],"predecessor-version":[{"id":15927,"href":"https:\/\/pezoules.gr\/de\/wp-json\/wp\/v2\/pages\/15809\/revisions\/15927"}],"wp:attachment":[{"href":"https:\/\/pezoules.gr\/de\/wp-json\/wp\/v2\/media?parent=15809"}],"curies":[{"name":"wp","href":"https:\/\/api.w.org\/{rel}","templated":true}]}}