{"id":15820,"date":"2015-04-16T11:34:22","date_gmt":"2015-04-16T11:34:22","guid":{"rendered":"https:\/\/pezoules.gr\/facilities\/"},"modified":"2021-03-04T09:14:13","modified_gmt":"2021-03-04T09:14:13","slug":"facilities","status":"publish","type":"page","link":"https:\/\/pezoules.gr\/de\/facilities\/","title":{"rendered":"EINRICHTUNGEN"},"content":{"rendered":"<div id=\"cmsmasters_row_38f43cbe23\" class=\"cmsmasters_row cmsmasters_color_scheme_default cmsmasters_row_top_default cmsmasters_row_bot_default cmsmasters_row_boxed\">\n<div class=\"cmsmasters_row_outer_parent\">\n<div class=\"cmsmasters_row_outer\">\n<div class=\"cmsmasters_row_inner\">\n<div class=\"cmsmasters_row_margin\">\n<div id=\"cmsmasters_column_6fdd638e1e\" class=\"cmsmasters_column one_third\">\n<div class=\"cmsmasters_column_inner\"><div id=\"cmsmasters_icon_box_8cdea2b0b1\" class=\"cmsmasters_icon_box cmsmasters_icon_top box_icon_type_image \">\n<div class=\"icon_box_inner\">\n<h3 class=\"icon_box_heading\">INFINITY POOL<\/h3>\n<div class=\"icon_box_text\">\n<p style=\"text-align: left;\">Unser einzigartiger Infinity-Pool befindet sich am Rande der Felswand und bietet einen Panoramablick auf die Caldera und die \u00c4g\u00e4is. Sein kristallklares Wasser wird eins mit dem tiefen Blau des Meeres, l\u00e4sst die Grenzen zwischen Realit\u00e4t und Traum verschmelzen und bietet einen faszinierenden Blick auf unendliche und ewige Sch\u00f6nheit.<\/p>\n<\/div>\n<\/div>\n<\/div>\n<\/div><\/div>\n<div id=\"cmsmasters_column_fe2213e38f\" class=\"cmsmasters_column one_third\">\n<div class=\"cmsmasters_column_inner\"><div id=\"cmsmasters_icon_box_yr8cten33e\" class=\"cmsmasters_icon_box cmsmasters_icon_top box_icon_type_image \">\n<div class=\"icon_box_inner\">\n<h3 class=\"icon_box_heading\">POOLBAR MASTIHA<\/h3>\n<div class=\"icon_box_text\">\n<p style=\"text-align: left;\">Entspannte Raffinesse, nat\u00fcrliches Ambiente und atemberaubende Ausblicke vereinen sich in unserer gem\u00fctlichen und luxuri\u00f6sen Mastiha Poolbar, die die verf\u00fchrerische Sch\u00f6nheit unseres Infinity-Pools \u00fcberblickt. Genie\u00dfen Sie unsere exklusiven Cocktails, erleben Sie unsere feine Auswahl an lokalen Weinen oder trinken Sie ein lokales Kleinbrauerei-Bier, w\u00e4hrend Sie an der \u00e4therischen Mastiha Poolbar entspannen.<\/p>\n<\/div>\n<\/div>\n<\/div>\n<\/div><\/div>\n<div id=\"cmsmasters_column_hpauenjqlc\" class=\"cmsmasters_column one_third\">\n<div class=\"cmsmasters_column_inner\"><div id=\"cmsmasters_icon_box_9ojy0k8jm4\" class=\"cmsmasters_icon_box cmsmasters_icon_top box_icon_type_image \">\n<div class=\"icon_box_inner\">\n<h3 class=\"icon_box_heading\">FR\u00dcHST\u00dcCK<\/h3>\n<div class=\"icon_box_text\">\n<p>Genie\u00dfen Sie unsere handverlesene Auswahl an lokalen und mediterranen K\u00f6stlichkeiten. W\u00e4hlen Sie aus einer Auswahl an hausgemachten Kreationen, frischem Geb\u00e4ck und allerlei k\u00f6stlichen Leckereien, die alle auf Bestellung frisch zubereitet und in der Gem\u00fctlichkeit Ihrer Terrasse, mit Blick auf das tiefe Blau der \u00c4g\u00e4is und die Caldera, serviert werden.<\/p>\n<\/div>\n<\/div>\n<\/div>\n<\/div><\/div>\n<\/div>\n<\/div>\n<\/div>\n<\/div>\n<\/div>\n<div id=\"cmsmasters_row_wwc4hevng\" class=\"cmsmasters_row cmsmasters_color_scheme_default cmsmasters_row_top_default cmsmasters_row_bot_default cmsmasters_row_boxed\">\n<div class=\"cmsmasters_row_outer_parent\">\n<div class=\"cmsmasters_row_outer\">\n<div class=\"cmsmasters_row_inner\">\n<div class=\"cmsmasters_row_margin\">\n<div id=\"cmsmasters_column_1m6pso90k\" class=\"cmsmasters_column one_third\">\n<div class=\"cmsmasters_column_inner\"><div id=\"cmsmasters_icon_box_38h1o7v6d\" class=\"cmsmasters_icon_box cmsmasters_icon_top box_icon_type_image \">\n<div class=\"icon_box_inner\">\n<div class=\"icon_box_text\">\n<h3 style=\"text-align: center;\">HAUPTEIN<br \/>\nRICHTUNGEN<\/h3>\n<p>Infinity Pool &#8211; Pool-Badet\u00fccher &#8211; WLAN &#8211; Satellitenfernsehen &#8211; Direktes Telefon &#8211; Zimmerservice &#8211; 24-Stunden-Rezeption<\/p>\n<\/div>\n<\/div>\n<\/div>\n<\/div><\/div>\n<div id=\"cmsmasters_column_4p7j15zj6o\" class=\"cmsmasters_column one_third\">\n<div class=\"cmsmasters_column_inner\"><div id=\"cmsmasters_icon_box_cv1g66s7h\" class=\"cmsmasters_icon_box cmsmasters_icon_top box_icon_type_image \">\n<div class=\"icon_box_inner\">\n<div class=\"icon_box_text\">\n<h3 style=\"text-align: center;\">ZIMMER<br \/>\nAUSSTATTUNG<\/h3>\n<p>Anatomische und \u00d6kologische Matratzen &#8211; Badezimmer mit Dusche &#8211; Badezimmerausstattung &#8211; Badem\u00e4ntel &#8211; T\u00e4glicher Zimmerservice &#8211; Haartrockner &#8211; Individuell Gesteuerte Klimaanlage &#8211; Minibar &#8211; Safe &#8211; Hausschuhe &#8211; Turndown-Service &#8211; Pool-Badet\u00fccher &#8211; Wlan &#8211; Satellitenfernsehen &#8211; Direktes Telefon &#8211; Zimmerservice &#8211; 24-Stunden-Rezeption<\/p>\n<\/div>\n<\/div>\n<\/div>\n<\/div><\/div>\n<div id=\"cmsmasters_column_5fzge5rh5x\" class=\"cmsmasters_column one_third\">\n<div class=\"cmsmasters_column_inner\"><div id=\"cmsmasters_icon_box_ltzna8wjrj\" class=\"cmsmasters_icon_box cmsmasters_icon_top box_icon_type_image \">\n<div class=\"icon_box_inner\">\n<div class=\"icon_box_text\">\n<h3 style=\"text-align: center;\">GESICHTS- UND<br \/>\nK\u00d6RPERBEHANDLUNG<\/h3>\n<p>Inhouse nach Vereinbarung von 10:00-20:00 Uhr<\/p>\n<\/div>\n<\/div>\n<\/div>\n<\/div><\/div>\n<\/div>\n<\/div>\n<\/div>\n<\/div>\n<\/div>\n<div id=\"cmsmasters_row_1p273eymrs\" class=\"cmsmasters_row cmsmasters_color_scheme_default cmsmasters_row_top_default cmsmasters_row_bot_default cmsmasters_row_boxed\">\n<div class=\"cmsmasters_row_outer_parent\">\n<div class=\"cmsmasters_row_outer\">\n<div class=\"cmsmasters_row_inner\">\n<div class=\"cmsmasters_row_margin\">\n<div id=\"cmsmasters_column_i8ui5a3eg\" class=\"cmsmasters_column one_third\">\n<div class=\"cmsmasters_column_inner\"><div id=\"cmsmasters_icon_box_t75oavnhp\" class=\"cmsmasters_icon_box cmsmasters_icon_top box_icon_type_image \">\n<div class=\"icon_box_inner\">\n<h3 class=\"icon_box_heading\">YOGA<\/h3>\n<div class=\"icon_box_text\">\n<p>Vor Ort nach Vereinbarung<\/p>\n<\/div>\n<\/div>\n<\/div>\n<\/div><\/div>\n<div id=\"cmsmasters_column_9c52zp8zy9\" class=\"cmsmasters_column one_third\">\n<div class=\"cmsmasters_column_inner\"><div id=\"cmsmasters_icon_box_xso6ukq4yt\" class=\"cmsmasters_icon_box cmsmasters_icon_top box_icon_type_image \">\n<div class=\"icon_box_inner\">\n<h3 class=\"icon_box_heading\">TRANSFER<\/h3>\n<div class=\"icon_box_text\">\n<p>Vom\/ zum Flughafen\/ Hafen<\/p>\n<\/div>\n<\/div>\n<\/div>\n<\/div><\/div>\n<div id=\"cmsmasters_column_pk11hefmf\" class=\"cmsmasters_column one_third\">\n<div class=\"cmsmasters_column_inner\"><\/div><\/div>\n<\/div>\n<\/div>\n<\/div>\n<\/div>\n<\/div>\n\n","protected":false},"excerpt":{"rendered":"","protected":false},"author":1,"featured_media":0,"parent":0,"menu_order":3,"comment_status":"closed","ping_status":"closed","template":"","meta":{"inline_featured_image":false,"footnotes":""},"class_list":["post-15820","page","type-page","status-publish","hentry"],"yoast_head":"<!-- This site is optimized with the Yoast SEO plugin v26.9 - https:\/\/yoast.com\/product\/yoast-seo-wordpress\/ -->\n<title>EINRICHTUNGEN - Pezoules of Oia Hotel - Boutique Hotel in Santorini<\/title>\n<meta name=\"robots\" content=\"index, follow, max-snippet:-1, max-image-preview:large, max-video-preview:-1\" \/>\n<link rel=\"canonical\" href=\"https:\/\/pezoules.gr\/de\/facilities\/\" \/>\n<meta property=\"og:locale\" content=\"de_DE\" \/>\n<meta property=\"og:type\" content=\"article\" \/>\n<meta property=\"og:title\" content=\"EINRICHTUNGEN - Pezoules of Oia Hotel - Boutique Hotel in Santorini\" \/>\n<meta property=\"og:url\" content=\"https:\/\/pezoules.gr\/de\/facilities\/\" \/>\n<meta property=\"og:site_name\" content=\"Pezoules of Oia Hotel - Boutique Hotel in Santorini\" \/>\n<meta property=\"article:publisher\" content=\"https:\/\/www.facebook.com\/pezoia\/\" \/>\n<meta property=\"article:modified_time\" content=\"2021-03-04T09:14:13+00:00\" \/>\n<meta name=\"twitter:card\" content=\"summary_large_image\" \/>\n<meta name=\"twitter:label1\" content=\"Gesch\u00e4tzte Lesezeit\" \/>\n\t<meta name=\"twitter:data1\" content=\"5\u00a0Minuten\" \/>\n<script type=\"application\/ld+json\" class=\"yoast-schema-graph\">{\"@context\":\"https:\/\/schema.org\",\"@graph\":[{\"@type\":\"WebPage\",\"@id\":\"https:\/\/pezoules.gr\/de\/facilities\/\",\"url\":\"https:\/\/pezoules.gr\/de\/facilities\/\",\"name\":\"EINRICHTUNGEN - Pezoules of Oia Hotel - Boutique Hotel in Santorini\",\"isPartOf\":{\"@id\":\"https:\/\/pezoules.gr\/de\/#website\"},\"datePublished\":\"2015-04-16T11:34:22+00:00\",\"dateModified\":\"2021-03-04T09:14:13+00:00\",\"breadcrumb\":{\"@id\":\"https:\/\/pezoules.gr\/de\/facilities\/#breadcrumb\"},\"inLanguage\":\"de\",\"potentialAction\":[{\"@type\":\"ReadAction\",\"target\":[\"https:\/\/pezoules.gr\/de\/facilities\/\"]}]},{\"@type\":\"BreadcrumbList\",\"@id\":\"https:\/\/pezoules.gr\/de\/facilities\/#breadcrumb\",\"itemListElement\":[{\"@type\":\"ListItem\",\"position\":1,\"name\":\"STARTSEITE\",\"item\":\"https:\/\/pezoules.gr\/de\/\"},{\"@type\":\"ListItem\",\"position\":2,\"name\":\"EINRICHTUNGEN\"}]},{\"@type\":\"WebSite\",\"@id\":\"https:\/\/pezoules.gr\/de\/#website\",\"url\":\"https:\/\/pezoules.gr\/de\/\",\"name\":\"Welcome to Pezoules of Oia\",\"description\":\"PEZOULES - EXCLUSIVE STAY HOTEL IN OIA SANTORINI\",\"publisher\":{\"@id\":\"https:\/\/pezoules.gr\/de\/#organization\"},\"potentialAction\":[{\"@type\":\"SearchAction\",\"target\":{\"@type\":\"EntryPoint\",\"urlTemplate\":\"https:\/\/pezoules.gr\/de\/?s={search_term_string}\"},\"query-input\":{\"@type\":\"PropertyValueSpecification\",\"valueRequired\":true,\"valueName\":\"search_term_string\"}}],\"inLanguage\":\"de\"},{\"@type\":\"Organization\",\"@id\":\"https:\/\/pezoules.gr\/de\/#organization\",\"name\":\"Pezoules of Oia\",\"url\":\"https:\/\/pezoules.gr\/de\/\",\"logo\":{\"@type\":\"ImageObject\",\"inLanguage\":\"de\",\"@id\":\"https:\/\/pezoules.gr\/de\/#\/schema\/logo\/image\/\",\"url\":\"https:\/\/pezoules.gr\/wp-content\/uploads\/2020\/11\/pezoules_logo.png\",\"contentUrl\":\"https:\/\/pezoules.gr\/wp-content\/uploads\/2020\/11\/pezoules_logo.png\",\"width\":200,\"height\":70,\"caption\":\"Pezoules of Oia\"},\"image\":{\"@id\":\"https:\/\/pezoules.gr\/de\/#\/schema\/logo\/image\/\"},\"sameAs\":[\"https:\/\/www.facebook.com\/pezoia\/\",\"https:\/\/www.instagram.com\/pezoules\/\"]}]}<\/script>\n<!-- \/ Yoast SEO plugin. -->","yoast_head_json":{"title":"EINRICHTUNGEN - Pezoules of Oia Hotel - Boutique Hotel in Santorini","robots":{"index":"index","follow":"follow","max-snippet":"max-snippet:-1","max-image-preview":"max-image-preview:large","max-video-preview":"max-video-preview:-1"},"canonical":"https:\/\/pezoules.gr\/de\/facilities\/","og_locale":"de_DE","og_type":"article","og_title":"EINRICHTUNGEN - Pezoules of Oia Hotel - Boutique Hotel in Santorini","og_url":"https:\/\/pezoules.gr\/de\/facilities\/","og_site_name":"Pezoules of Oia Hotel - Boutique Hotel in Santorini","article_publisher":"https:\/\/www.facebook.com\/pezoia\/","article_modified_time":"2021-03-04T09:14:13+00:00","twitter_card":"summary_large_image","twitter_misc":{"Gesch\u00e4tzte Lesezeit":"5\u00a0Minuten"},"schema":{"@context":"https:\/\/schema.org","@graph":[{"@type":"WebPage","@id":"https:\/\/pezoules.gr\/de\/facilities\/","url":"https:\/\/pezoules.gr\/de\/facilities\/","name":"EINRICHTUNGEN - Pezoules of Oia Hotel - Boutique Hotel in Santorini","isPartOf":{"@id":"https:\/\/pezoules.gr\/de\/#website"},"datePublished":"2015-04-16T11:34:22+00:00","dateModified":"2021-03-04T09:14:13+00:00","breadcrumb":{"@id":"https:\/\/pezoules.gr\/de\/facilities\/#breadcrumb"},"inLanguage":"de","potentialAction":[{"@type":"ReadAction","target":["https:\/\/pezoules.gr\/de\/facilities\/"]}]},{"@type":"BreadcrumbList","@id":"https:\/\/pezoules.gr\/de\/facilities\/#breadcrumb","itemListElement":[{"@type":"ListItem","position":1,"name":"STARTSEITE","item":"https:\/\/pezoules.gr\/de\/"},{"@type":"ListItem","position":2,"name":"EINRICHTUNGEN"}]},{"@type":"WebSite","@id":"https:\/\/pezoules.gr\/de\/#website","url":"https:\/\/pezoules.gr\/de\/","name":"Welcome to Pezoules of Oia","description":"PEZOULES - EXCLUSIVE STAY HOTEL IN OIA SANTORINI","publisher":{"@id":"https:\/\/pezoules.gr\/de\/#organization"},"potentialAction":[{"@type":"SearchAction","target":{"@type":"EntryPoint","urlTemplate":"https:\/\/pezoules.gr\/de\/?s={search_term_string}"},"query-input":{"@type":"PropertyValueSpecification","valueRequired":true,"valueName":"search_term_string"}}],"inLanguage":"de"},{"@type":"Organization","@id":"https:\/\/pezoules.gr\/de\/#organization","name":"Pezoules of Oia","url":"https:\/\/pezoules.gr\/de\/","logo":{"@type":"ImageObject","inLanguage":"de","@id":"https:\/\/pezoules.gr\/de\/#\/schema\/logo\/image\/","url":"https:\/\/pezoules.gr\/wp-content\/uploads\/2020\/11\/pezoules_logo.png","contentUrl":"https:\/\/pezoules.gr\/wp-content\/uploads\/2020\/11\/pezoules_logo.png","width":200,"height":70,"caption":"Pezoules of Oia"},"image":{"@id":"https:\/\/pezoules.gr\/de\/#\/schema\/logo\/image\/"},"sameAs":["https:\/\/www.facebook.com\/pezoia\/","https:\/\/www.instagram.com\/pezoules\/"]}]}},"_links":{"self":[{"href":"https:\/\/pezoules.gr\/de\/wp-json\/wp\/v2\/pages\/15820","targetHints":{"allow":["GET"]}}],"collection":[{"href":"https:\/\/pezoules.gr\/de\/wp-json\/wp\/v2\/pages"}],"about":[{"href":"https:\/\/pezoules.gr\/de\/wp-json\/wp\/v2\/types\/page"}],"author":[{"embeddable":true,"href":"https:\/\/pezoules.gr\/de\/wp-json\/wp\/v2\/users\/1"}],"replies":[{"embeddable":true,"href":"https:\/\/pezoules.gr\/de\/wp-json\/wp\/v2\/comments?post=15820"}],"version-history":[{"count":9,"href":"https:\/\/pezoules.gr\/de\/wp-json\/wp\/v2\/pages\/15820\/revisions"}],"predecessor-version":[{"id":15957,"href":"https:\/\/pezoules.gr\/de\/wp-json\/wp\/v2\/pages\/15820\/revisions\/15957"}],"wp:attachment":[{"href":"https:\/\/pezoules.gr\/de\/wp-json\/wp\/v2\/media?parent=15820"}],"curies":[{"name":"wp","href":"https:\/\/api.w.org\/{rel}","templated":true}]}}