{"id":15681,"date":"2015-04-16T11:34:22","date_gmt":"2015-04-16T11:34:22","guid":{"rendered":"https:\/\/pezoules.gr\/facilities\/"},"modified":"2021-01-23T13:06:35","modified_gmt":"2021-01-23T13:06:35","slug":"facilities","status":"publish","type":"page","link":"https:\/\/pezoules.gr\/fr\/facilities\/","title":{"rendered":"Installations"},"content":{"rendered":"<div id=\"cmsmasters_row_38f43cbe23\" class=\"cmsmasters_row cmsmasters_color_scheme_default cmsmasters_row_top_default cmsmasters_row_bot_default cmsmasters_row_boxed\">\n<div class=\"cmsmasters_row_outer_parent\">\n<div class=\"cmsmasters_row_outer\">\n<div class=\"cmsmasters_row_inner\">\n<div class=\"cmsmasters_row_margin\">\n<div id=\"cmsmasters_column_6fdd638e1e\" class=\"cmsmasters_column one_third\">\n<div class=\"cmsmasters_column_inner\"><div id=\"cmsmasters_icon_box_8cdea2b0b1\" class=\"cmsmasters_icon_box cmsmasters_icon_top box_icon_type_image \">\n<div class=\"icon_box_inner\">\n<h3 class=\"icon_box_heading\">PISCINE \u00c0 D\u00c9BORDEMENT<\/h3>\n<div class=\"icon_box_text\">\n<p style=\"text-align: left;\">Fabriqu\u00e9e au bot de la falaise, notre unique piscine a d\u00e9bordement offre une vue panoramique sur la Caldeira et la me \u00c9g\u00e9e. Ses eaux transparentes se font un avec le bleu profond de la mer, alliant les lignes entre r\u00e9alit\u00e9 et r\u00eaves, offrant une vue fascinante et captivante d\u2019une beaut\u00e9 infinie et \u00e9ternelle.<\/p>\n<\/div>\n<\/div>\n<\/div>\n<\/div><\/div>\n<div id=\"cmsmasters_column_fe2213e38f\" class=\"cmsmasters_column one_third\">\n<div class=\"cmsmasters_column_inner\"><div id=\"cmsmasters_icon_box_yr8cten33e\" class=\"cmsmasters_icon_box cmsmasters_icon_top box_icon_type_image \">\n<div class=\"icon_box_inner\">\n<h3 class=\"icon_box_heading\">BAR DE PISCINE MASTIHA<\/h3>\n<div class=\"icon_box_text\">\n<p style=\"text-align: left;\">Sophistication d\u00e9contract\u00e9e, ambiance naturelle et vue \u00e9poustouflante se r\u00e9unissent dans notre confortable et luxueux Mastiha Bar, supervisant la beaut\u00e9 s\u00e9duisante de notre piscine \u00e0 d\u00e9bordement. Profitez de nos cocktails exclusifs, d\u00e9gustez notre s\u00e9lection exquise des vins locaux ou sirotez une bi\u00e8re de micro brasserie locale tout en vous relaxant au bar de la piscine Mastiha \u00e9th\u00e9r\u00e9.<\/p>\n<\/div>\n<\/div>\n<\/div>\n<\/div><\/div>\n<div id=\"cmsmasters_column_hpauenjqlc\" class=\"cmsmasters_column one_third\">\n<div class=\"cmsmasters_column_inner\"><div id=\"cmsmasters_icon_box_9ojy0k8jm4\" class=\"cmsmasters_icon_box cmsmasters_icon_top box_icon_type_image \">\n<div class=\"icon_box_inner\">\n<h3 class=\"icon_box_heading\">PETIT D\u00c9JEUNER<\/h3>\n<div class=\"icon_box_text\">\n<p>Profitez de notre s\u00e9lection de sp\u00e9cialit\u00e9s locales et m\u00e9diterran\u00e9ennes tri\u00e9es sur le volet, choisissez parmi un assortiment de friandises moelleuses et de cr\u00e9ations maison, de friandises artisanales, de p\u00e2tisseries et de toutes sortes de gourmandises fraiches sur commande et servis dans le calme de votre terrasse, tout en admirant le bleu profond de la mer \u00c9g\u00e9e et de l&rsquo;\u00e9tendue de la caldeira.<\/p>\n<\/div>\n<\/div>\n<\/div>\n<\/div><\/div>\n<\/div>\n<\/div>\n<\/div>\n<\/div>\n<\/div>\n<div id=\"cmsmasters_row_wwc4hevng\" class=\"cmsmasters_row cmsmasters_color_scheme_default cmsmasters_row_top_default cmsmasters_row_bot_default cmsmasters_row_boxed\">\n<div class=\"cmsmasters_row_outer_parent\">\n<div class=\"cmsmasters_row_outer\">\n<div class=\"cmsmasters_row_inner\">\n<div class=\"cmsmasters_row_margin\">\n<div id=\"cmsmasters_column_1m6pso90k\" class=\"cmsmasters_column one_third\">\n<div class=\"cmsmasters_column_inner\"><div id=\"cmsmasters_icon_box_38h1o7v6d\" class=\"cmsmasters_icon_box cmsmasters_icon_top box_icon_type_image \">\n<div class=\"icon_box_inner\">\n<h3 class=\"icon_box_heading\">SERVICES PRINCIPAUX<\/h3>\n<div class=\"icon_box_text\">\n<p>Piscine \u00e0 d\u00e9bordement &#8211; Serviettes de piscine &#8211; Wi-Fi &#8211; T\u00e9l\u00e9vision par satellite &#8211; T\u00e9l\u00e9phone en ligne directe &#8211; Service de chambre &#8211; R\u00e9ception 24 heures<\/p>\n<\/div>\n<\/div>\n<\/div>\n<\/div><\/div>\n<div id=\"cmsmasters_column_4p7j15zj6o\" class=\"cmsmasters_column one_third\">\n<div class=\"cmsmasters_column_inner\"><div id=\"cmsmasters_icon_box_cv1g66s7h\" class=\"cmsmasters_icon_box cmsmasters_icon_top box_icon_type_image \">\n<div class=\"icon_box_inner\">\n<h3 class=\"icon_box_heading\">\u00c9QUIPEMENTS DES CHAMBRES<\/h3>\n<div class=\"icon_box_text\">\n<p>Matelas anatomiques et \u00e9cologiques &#8211; Salle de bain avec douche &#8211; Commodit\u00e9s de salle de bain &#8211; Peignoirs &#8211; Service de menage quotidien &#8211; S\u00e8che-cheveux &#8211; Climatisation individuelle &#8211; Mini Bar &#8211; Coffre fort &#8211; Chaussons &#8211; Service de couverture &#8211; Serviettes de piscine &#8211; Wi-Fi &#8211; T\u00e9l\u00e9vision par satellite &#8211; T\u00e9l\u00e9phone en ligne directe &#8211; Service de chambre &#8211; R\u00e9ception 24 heures<\/p>\n<\/div>\n<\/div>\n<\/div>\n<\/div><\/div>\n<div id=\"cmsmasters_column_5fzge5rh5x\" class=\"cmsmasters_column one_third\">\n<div class=\"cmsmasters_column_inner\"><div id=\"cmsmasters_icon_box_ltzna8wjrj\" class=\"cmsmasters_icon_box cmsmasters_icon_top box_icon_type_image \">\n<div class=\"icon_box_inner\">\n<h3 class=\"icon_box_heading\">SOIN DU VISAGE ET DU CORPS<\/h3>\n<div class=\"icon_box_text\">\n<p>En interne, sur rendezvous, 10: 00-20: 00<\/p>\n<\/div>\n<\/div>\n<\/div>\n<\/div><\/div>\n<\/div>\n<\/div>\n<\/div>\n<\/div>\n<\/div>\n<div id=\"cmsmasters_row_1p273eymrs\" class=\"cmsmasters_row cmsmasters_color_scheme_default cmsmasters_row_top_default cmsmasters_row_bot_default cmsmasters_row_boxed\">\n<div class=\"cmsmasters_row_outer_parent\">\n<div class=\"cmsmasters_row_outer\">\n<div class=\"cmsmasters_row_inner\">\n<div class=\"cmsmasters_row_margin\">\n<div id=\"cmsmasters_column_i8ui5a3eg\" class=\"cmsmasters_column one_third\">\n<div class=\"cmsmasters_column_inner\"><div id=\"cmsmasters_icon_box_t75oavnhp\" class=\"cmsmasters_icon_box cmsmasters_icon_top box_icon_type_image \">\n<div class=\"icon_box_inner\">\n<h3 class=\"icon_box_heading\">YOGA<\/h3>\n<div class=\"icon_box_text\">\n<p>Sur place sur rendez-vous<\/p>\n<\/div>\n<\/div>\n<\/div>\n<\/div><\/div>\n<div id=\"cmsmasters_column_9c52zp8zy9\" class=\"cmsmasters_column one_third\">\n<div class=\"cmsmasters_column_inner\"><div id=\"cmsmasters_icon_box_xso6ukq4yt\" class=\"cmsmasters_icon_box cmsmasters_icon_top box_icon_type_image \">\n<div class=\"icon_box_inner\">\n<h3 class=\"icon_box_heading\">TRANSPORTS<\/h3>\n<div class=\"icon_box_text\">\n<p>De \/ vers l&rsquo;a\u00e9roport \/ le port<\/p>\n<\/div>\n<\/div>\n<\/div>\n<\/div><\/div>\n<div id=\"cmsmasters_column_pk11hefmf\" class=\"cmsmasters_column one_third\">\n<div class=\"cmsmasters_column_inner\"><\/div><\/div>\n<\/div>\n<\/div>\n<\/div>\n<\/div>\n<\/div>\n\n","protected":false},"excerpt":{"rendered":"","protected":false},"author":1,"featured_media":0,"parent":0,"menu_order":3,"comment_status":"closed","ping_status":"closed","template":"","meta":{"inline_featured_image":false,"footnotes":""},"class_list":["post-15681","page","type-page","status-publish","hentry"],"yoast_head":"<!-- This site is optimized with the Yoast SEO plugin v26.9 - https:\/\/yoast.com\/product\/yoast-seo-wordpress\/ -->\n<title>Installations - Pezoules of Oia Hotel - Boutique Hotel in Santorini<\/title>\n<meta name=\"robots\" content=\"index, follow, max-snippet:-1, max-image-preview:large, max-video-preview:-1\" \/>\n<link rel=\"canonical\" href=\"https:\/\/pezoules.gr\/fr\/facilities\/\" \/>\n<meta property=\"og:locale\" content=\"fr_FR\" \/>\n<meta property=\"og:type\" content=\"article\" \/>\n<meta property=\"og:title\" content=\"Installations - Pezoules of Oia Hotel - Boutique Hotel in Santorini\" \/>\n<meta property=\"og:url\" content=\"https:\/\/pezoules.gr\/fr\/facilities\/\" \/>\n<meta property=\"og:site_name\" content=\"Pezoules of Oia Hotel - Boutique Hotel in Santorini\" \/>\n<meta property=\"article:publisher\" content=\"https:\/\/www.facebook.com\/pezoia\/\" \/>\n<meta property=\"article:modified_time\" content=\"2021-01-23T13:06:35+00:00\" \/>\n<meta name=\"twitter:card\" content=\"summary_large_image\" \/>\n<meta name=\"twitter:label1\" content=\"Dur\u00e9e de lecture estim\u00e9e\" \/>\n\t<meta name=\"twitter:data1\" content=\"5 minutes\" \/>\n<script type=\"application\/ld+json\" class=\"yoast-schema-graph\">{\"@context\":\"https:\/\/schema.org\",\"@graph\":[{\"@type\":\"WebPage\",\"@id\":\"https:\/\/pezoules.gr\/fr\/facilities\/\",\"url\":\"https:\/\/pezoules.gr\/fr\/facilities\/\",\"name\":\"Installations - Pezoules of Oia Hotel - Boutique Hotel in Santorini\",\"isPartOf\":{\"@id\":\"https:\/\/pezoules.gr\/fr\/#website\"},\"datePublished\":\"2015-04-16T11:34:22+00:00\",\"dateModified\":\"2021-01-23T13:06:35+00:00\",\"breadcrumb\":{\"@id\":\"https:\/\/pezoules.gr\/fr\/facilities\/#breadcrumb\"},\"inLanguage\":\"fr-FR\",\"potentialAction\":[{\"@type\":\"ReadAction\",\"target\":[\"https:\/\/pezoules.gr\/fr\/facilities\/\"]}]},{\"@type\":\"BreadcrumbList\",\"@id\":\"https:\/\/pezoules.gr\/fr\/facilities\/#breadcrumb\",\"itemListElement\":[{\"@type\":\"ListItem\",\"position\":1,\"name\":\"Accueil\",\"item\":\"https:\/\/pezoules.gr\/fr\/\"},{\"@type\":\"ListItem\",\"position\":2,\"name\":\"Installations\"}]},{\"@type\":\"WebSite\",\"@id\":\"https:\/\/pezoules.gr\/fr\/#website\",\"url\":\"https:\/\/pezoules.gr\/fr\/\",\"name\":\"Welcome to Pezoules of Oia\",\"description\":\"PEZOULES - EXCLUSIVE STAY HOTEL IN OIA SANTORINI\",\"publisher\":{\"@id\":\"https:\/\/pezoules.gr\/fr\/#organization\"},\"potentialAction\":[{\"@type\":\"SearchAction\",\"target\":{\"@type\":\"EntryPoint\",\"urlTemplate\":\"https:\/\/pezoules.gr\/fr\/?s={search_term_string}\"},\"query-input\":{\"@type\":\"PropertyValueSpecification\",\"valueRequired\":true,\"valueName\":\"search_term_string\"}}],\"inLanguage\":\"fr-FR\"},{\"@type\":\"Organization\",\"@id\":\"https:\/\/pezoules.gr\/fr\/#organization\",\"name\":\"Pezoules of Oia\",\"url\":\"https:\/\/pezoules.gr\/fr\/\",\"logo\":{\"@type\":\"ImageObject\",\"inLanguage\":\"fr-FR\",\"@id\":\"https:\/\/pezoules.gr\/fr\/#\/schema\/logo\/image\/\",\"url\":\"https:\/\/pezoules.gr\/wp-content\/uploads\/2020\/11\/pezoules_logo.png\",\"contentUrl\":\"https:\/\/pezoules.gr\/wp-content\/uploads\/2020\/11\/pezoules_logo.png\",\"width\":200,\"height\":70,\"caption\":\"Pezoules of Oia\"},\"image\":{\"@id\":\"https:\/\/pezoules.gr\/fr\/#\/schema\/logo\/image\/\"},\"sameAs\":[\"https:\/\/www.facebook.com\/pezoia\/\",\"https:\/\/www.instagram.com\/pezoules\/\"]}]}<\/script>\n<!-- \/ Yoast SEO plugin. -->","yoast_head_json":{"title":"Installations - Pezoules of Oia Hotel - Boutique Hotel in Santorini","robots":{"index":"index","follow":"follow","max-snippet":"max-snippet:-1","max-image-preview":"max-image-preview:large","max-video-preview":"max-video-preview:-1"},"canonical":"https:\/\/pezoules.gr\/fr\/facilities\/","og_locale":"fr_FR","og_type":"article","og_title":"Installations - Pezoules of Oia Hotel - Boutique Hotel in Santorini","og_url":"https:\/\/pezoules.gr\/fr\/facilities\/","og_site_name":"Pezoules of Oia Hotel - Boutique Hotel in Santorini","article_publisher":"https:\/\/www.facebook.com\/pezoia\/","article_modified_time":"2021-01-23T13:06:35+00:00","twitter_card":"summary_large_image","twitter_misc":{"Dur\u00e9e de lecture estim\u00e9e":"5 minutes"},"schema":{"@context":"https:\/\/schema.org","@graph":[{"@type":"WebPage","@id":"https:\/\/pezoules.gr\/fr\/facilities\/","url":"https:\/\/pezoules.gr\/fr\/facilities\/","name":"Installations - Pezoules of Oia Hotel - Boutique Hotel in Santorini","isPartOf":{"@id":"https:\/\/pezoules.gr\/fr\/#website"},"datePublished":"2015-04-16T11:34:22+00:00","dateModified":"2021-01-23T13:06:35+00:00","breadcrumb":{"@id":"https:\/\/pezoules.gr\/fr\/facilities\/#breadcrumb"},"inLanguage":"fr-FR","potentialAction":[{"@type":"ReadAction","target":["https:\/\/pezoules.gr\/fr\/facilities\/"]}]},{"@type":"BreadcrumbList","@id":"https:\/\/pezoules.gr\/fr\/facilities\/#breadcrumb","itemListElement":[{"@type":"ListItem","position":1,"name":"Accueil","item":"https:\/\/pezoules.gr\/fr\/"},{"@type":"ListItem","position":2,"name":"Installations"}]},{"@type":"WebSite","@id":"https:\/\/pezoules.gr\/fr\/#website","url":"https:\/\/pezoules.gr\/fr\/","name":"Welcome to Pezoules of Oia","description":"PEZOULES - EXCLUSIVE STAY HOTEL IN OIA SANTORINI","publisher":{"@id":"https:\/\/pezoules.gr\/fr\/#organization"},"potentialAction":[{"@type":"SearchAction","target":{"@type":"EntryPoint","urlTemplate":"https:\/\/pezoules.gr\/fr\/?s={search_term_string}"},"query-input":{"@type":"PropertyValueSpecification","valueRequired":true,"valueName":"search_term_string"}}],"inLanguage":"fr-FR"},{"@type":"Organization","@id":"https:\/\/pezoules.gr\/fr\/#organization","name":"Pezoules of Oia","url":"https:\/\/pezoules.gr\/fr\/","logo":{"@type":"ImageObject","inLanguage":"fr-FR","@id":"https:\/\/pezoules.gr\/fr\/#\/schema\/logo\/image\/","url":"https:\/\/pezoules.gr\/wp-content\/uploads\/2020\/11\/pezoules_logo.png","contentUrl":"https:\/\/pezoules.gr\/wp-content\/uploads\/2020\/11\/pezoules_logo.png","width":200,"height":70,"caption":"Pezoules of Oia"},"image":{"@id":"https:\/\/pezoules.gr\/fr\/#\/schema\/logo\/image\/"},"sameAs":["https:\/\/www.facebook.com\/pezoia\/","https:\/\/www.instagram.com\/pezoules\/"]}]}},"_links":{"self":[{"href":"https:\/\/pezoules.gr\/fr\/wp-json\/wp\/v2\/pages\/15681","targetHints":{"allow":["GET"]}}],"collection":[{"href":"https:\/\/pezoules.gr\/fr\/wp-json\/wp\/v2\/pages"}],"about":[{"href":"https:\/\/pezoules.gr\/fr\/wp-json\/wp\/v2\/types\/page"}],"author":[{"embeddable":true,"href":"https:\/\/pezoules.gr\/fr\/wp-json\/wp\/v2\/users\/1"}],"replies":[{"embeddable":true,"href":"https:\/\/pezoules.gr\/fr\/wp-json\/wp\/v2\/comments?post=15681"}],"version-history":[{"count":4,"href":"https:\/\/pezoules.gr\/fr\/wp-json\/wp\/v2\/pages\/15681\/revisions"}],"predecessor-version":[{"id":15685,"href":"https:\/\/pezoules.gr\/fr\/wp-json\/wp\/v2\/pages\/15681\/revisions\/15685"}],"wp:attachment":[{"href":"https:\/\/pezoules.gr\/fr\/wp-json\/wp\/v2\/media?parent=15681"}],"curies":[{"name":"wp","href":"https:\/\/api.w.org\/{rel}","templated":true}]}}