{"id":15710,"date":"2017-05-23T14:54:19","date_gmt":"2017-05-23T14:54:19","guid":{"rendered":"https:\/\/pezoules.gr\/suites\/"},"modified":"2021-01-23T14:32:47","modified_gmt":"2021-01-23T14:32:47","slug":"suites","status":"publish","type":"page","link":"https:\/\/pezoules.gr\/fr\/suites\/","title":{"rendered":"Nos suites"},"content":{"rendered":"<div id=\"cmsmasters_row_bb47f2d3d6\" class=\"cmsmasters_row cmsmasters_color_scheme_default cmsmasters_row_top_default cmsmasters_row_bot_default cmsmasters_row_boxed\">\n<div class=\"cmsmasters_row_outer_parent\">\n<div class=\"cmsmasters_row_outer\">\n<div class=\"cmsmasters_row_inner\">\n<div class=\"cmsmasters_row_margin\">\n<div id=\"cmsmasters_column_8e96cd72d4\" class=\"cmsmasters_column one_first\">\n<div class=\"cmsmasters_column_inner\"><div id=\"cmsmasters_heading_d2efd40b3c\" class=\"cmsmasters_heading_wrap cmsmasters_heading_align_center\">\n\t<h3 class=\"cmsmasters_heading\">Visitez<\/h3>\n<\/div><div id=\"cmsmasters_heading_b36a821605\" class=\"cmsmasters_heading_wrap cmsmasters_heading_align_center\">\n\t<h2 class=\"cmsmasters_heading\">NOS SUITES<\/h2>\n<\/div>\n<div id=\"portfolio_d3f4161054\" class=\"cmsmasters_wrap_portfolio entry-summary\" data-layout=\"grid\" data-layout-mode=\"perfect\" data-url=\"https:\/\/pezoules.gr\/wp-content\/plugins\/cmsmasters-content-composer\/\" data-orderby=\"date\" data-order=\"ASC\" data-count=\"7\" data-categories=\"\" data-metadata=\"title,excerpt,more\"><div class=\"portfolio grid large_gap perfect cmsmasters_3\"><!-- Start Project Grid Article -->\r\n<article id=\"post-15708\" class=\"cmsmasters_project_grid post-15708 project type-project status-publish format-standard has-post-thumbnail hentry\">\r\n\t<div class=\"project_outer\">\r\n\t<div class=\"project_img_wrap\"><figure class=\"cmsmasters_img_rollover_wrap preloader\"><img loading=\"lazy\" decoding=\"async\" width=\"580\" height=\"420\" src=\"https:\/\/pezoules.gr\/wp-content\/uploads\/2020\/11\/01_pezoules_mantzourana_01_c-580x420.jpg\" class=\"full-width wp-post-image\" alt=\"MANTZOURANA\" title=\"01_pezoules_mantzourana_01_c\" \/><a href=\"https:\/\/pezoules.gr\/fr\/room\/mantzourana\/\" title=\"MANTZOURANA\" class=\"cmsmasters_open_link\"><\/a><\/figure><\/div><header class=\"cmsmasters_project_header entry-header\"><h3 class=\"cmsmasters_project_title entry-title\"><a href=\"https:\/\/pezoules.gr\/fr\/room\/mantzourana\/\">MANTZOURANA<\/a><\/h3><\/header><div class=\"cmsmasters_project_cont_info_wrapper\"><a class=\"cmsmasters_project_read_more\" href=\"https:\/\/pezoules.gr\/fr\/room\/mantzourana\/\">Plus<\/a><\/div><div class=\"cmsmasters_project_content entry-content\">\n<p>Suite spacieuse, \u00e9l\u00e9gante et confortable, offrant un int\u00e9rieur ensoleill\u00e9 et lumineux au d\u00e9cor minimal.<\/p>\n<\/div>\n<span class=\"dn meta-date\">20170510132206<\/span>\t<\/div>\r\n<\/article>\r\n<!-- Finish Project Grid Article -->\r\n\r\n<!-- Start Project Grid Article -->\r\n<article id=\"post-15706\" class=\"cmsmasters_project_grid post-15706 project type-project status-publish format-standard has-post-thumbnail hentry\">\r\n\t<div class=\"project_outer\">\r\n\t<div class=\"project_img_wrap\"><figure class=\"cmsmasters_img_rollover_wrap preloader\"><img loading=\"lazy\" decoding=\"async\" width=\"580\" height=\"420\" src=\"https:\/\/pezoules.gr\/wp-content\/uploads\/2020\/11\/02_pezoules_valeriana_02_c-580x420.jpg\" class=\"full-width wp-post-image\" alt=\"VALERIANA\" title=\"02_pezoules_valeriana_02_c\" \/><a href=\"https:\/\/pezoules.gr\/fr\/room\/valeriana\/\" title=\"VALERIANA\" class=\"cmsmasters_open_link\"><\/a><\/figure><\/div><header class=\"cmsmasters_project_header entry-header\"><h3 class=\"cmsmasters_project_title entry-title\"><a href=\"https:\/\/pezoules.gr\/fr\/room\/valeriana\/\">VALERIANA<\/a><\/h3><\/header><div class=\"cmsmasters_project_cont_info_wrapper\"><a class=\"cmsmasters_project_read_more\" href=\"https:\/\/pezoules.gr\/fr\/room\/valeriana\/\">Plus<\/a><\/div><div class=\"cmsmasters_project_content entry-content\">\n<p>Suite spacieuse, \u00e9l\u00e9gante et confortable, qui offre un int\u00e9rieur ensoleill\u00e9 et lumineux au d\u00e9cor minimal.<\/p>\n<\/div>\n<span class=\"dn meta-date\">20170510143118<\/span>\t<\/div>\r\n<\/article>\r\n<!-- Finish Project Grid Article -->\r\n\r\n<!-- Start Project Grid Article -->\r\n<article id=\"post-15704\" class=\"cmsmasters_project_grid post-15704 project type-project status-publish format-standard has-post-thumbnail hentry\">\r\n\t<div class=\"project_outer\">\r\n\t<div class=\"project_img_wrap\"><figure class=\"cmsmasters_img_rollover_wrap preloader\"><img loading=\"lazy\" decoding=\"async\" width=\"580\" height=\"420\" src=\"https:\/\/pezoules.gr\/wp-content\/uploads\/2020\/11\/03_pezoules_louisa_01_c-580x420.jpg\" class=\"full-width wp-post-image\" alt=\"LOUISA\" title=\"03_pezoules_louisa_01_c\" \/><a href=\"https:\/\/pezoules.gr\/fr\/room\/louisa\/\" title=\"LOUISA\" class=\"cmsmasters_open_link\"><\/a><\/figure><\/div><header class=\"cmsmasters_project_header entry-header\"><h3 class=\"cmsmasters_project_title entry-title\"><a href=\"https:\/\/pezoules.gr\/fr\/room\/louisa\/\">LOUISA<\/a><\/h3><\/header><div class=\"cmsmasters_project_cont_info_wrapper\"><a class=\"cmsmasters_project_read_more\" href=\"https:\/\/pezoules.gr\/fr\/room\/louisa\/\">Plus<\/a><\/div><div class=\"cmsmasters_project_content entry-content\">\n<p>Suite caverne spacieuse et traditionnelle sculpt\u00e9e dans le flanc de la falaise.<\/p>\n<\/div>\n<span class=\"dn meta-date\">20170511095315<\/span>\t<\/div>\r\n<\/article>\r\n<!-- Finish Project Grid Article -->\r\n\r\n<!-- Start Project Grid Article -->\r\n<article id=\"post-15701\" class=\"cmsmasters_project_grid post-15701 project type-project status-publish format-standard has-post-thumbnail hentry\">\r\n\t<div class=\"project_outer\">\r\n\t<div class=\"project_img_wrap\"><figure class=\"cmsmasters_img_rollover_wrap preloader\"><img loading=\"lazy\" decoding=\"async\" width=\"580\" height=\"420\" src=\"https:\/\/pezoules.gr\/wp-content\/uploads\/2020\/11\/04_pezoules_ligaria_01_c-580x420.jpg\" class=\"full-width wp-post-image\" alt=\"LIGARIA\" title=\"04_pezoules_ligaria_01_c\" \/><a href=\"https:\/\/pezoules.gr\/fr\/room\/ligaria\/\" title=\"LIGARIA\" class=\"cmsmasters_open_link\"><\/a><\/figure><\/div><header class=\"cmsmasters_project_header entry-header\"><h3 class=\"cmsmasters_project_title entry-title\"><a href=\"https:\/\/pezoules.gr\/fr\/room\/ligaria\/\">LIGARIA<\/a><\/h3><\/header><div class=\"cmsmasters_project_cont_info_wrapper\"><a class=\"cmsmasters_project_read_more\" href=\"https:\/\/pezoules.gr\/fr\/room\/ligaria\/\">Plus<\/a><\/div><div class=\"cmsmasters_project_content entry-content\">\n<p>Suite caverne traditionnelle \u00e0 la d\u00e9coration minimale, y compris son \u00abLino\u00bb original, o\u00f9 le mo\u00fbt de raisin \u00e9tait r\u00e9colt\u00e9 lors des raisins press\u00e9s.<\/p>\n<\/div>\n<span class=\"dn meta-date\">20170512093941<\/span>\t<\/div>\r\n<\/article>\r\n<!-- Finish Project Grid Article -->\r\n\r\n<!-- Start Project Grid Article -->\r\n<article id=\"post-15698\" class=\"cmsmasters_project_grid post-15698 project type-project status-publish format-standard has-post-thumbnail hentry\">\r\n\t<div class=\"project_outer\">\r\n\t<div class=\"project_img_wrap\"><figure class=\"cmsmasters_img_rollover_wrap preloader\"><img loading=\"lazy\" decoding=\"async\" width=\"580\" height=\"420\" src=\"https:\/\/pezoules.gr\/wp-content\/uploads\/2020\/11\/05_pezoules_althaea_01_c-580x420.jpg\" class=\"full-width wp-post-image\" alt=\"ALTHAEA\" title=\"05_pezoules_althaea_01_c\" \/><a href=\"https:\/\/pezoules.gr\/fr\/room\/althaea\/\" title=\"ALTHAEA\" class=\"cmsmasters_open_link\"><\/a><\/figure><\/div><header class=\"cmsmasters_project_header entry-header\"><h3 class=\"cmsmasters_project_title entry-title\"><a href=\"https:\/\/pezoules.gr\/fr\/room\/althaea\/\">ALTHAEA<\/a><\/h3><\/header><div class=\"cmsmasters_project_cont_info_wrapper\"><a class=\"cmsmasters_project_read_more\" href=\"https:\/\/pezoules.gr\/fr\/room\/althaea\/\">Plus<\/a><\/div><div class=\"cmsmasters_project_content entry-content\">\n<p>Suite caverne id\u00e9ale pour les jeunes mari\u00e9s. Avec un salon harmonieusement spacieux qui offre une relaxation luxueuse.<\/p>\n<\/div>\n<span class=\"dn meta-date\">20170513094742<\/span>\t<\/div>\r\n<\/article>\r\n<!-- Finish Project Grid Article -->\r\n\r\n<!-- Start Project Grid Article -->\r\n<article id=\"post-15694\" class=\"cmsmasters_project_grid post-15694 project type-project status-publish format-standard has-post-thumbnail hentry\">\r\n\t<div class=\"project_outer\">\r\n\t<div class=\"project_img_wrap\"><figure class=\"cmsmasters_img_rollover_wrap preloader\"><img loading=\"lazy\" decoding=\"async\" width=\"580\" height=\"420\" src=\"https:\/\/pezoules.gr\/wp-content\/uploads\/2020\/11\/06_pezoules_mentha_01_c-580x420.jpg\" class=\"full-width wp-post-image\" alt=\"MENTHA\" title=\"06_pezoules_mentha_01_c\" \/><a href=\"https:\/\/pezoules.gr\/fr\/room\/mentha\/\" title=\"MENTHA\" class=\"cmsmasters_open_link\"><\/a><\/figure><\/div><header class=\"cmsmasters_project_header entry-header\"><h3 class=\"cmsmasters_project_title entry-title\"><a href=\"https:\/\/pezoules.gr\/fr\/room\/mentha\/\">MENTHA<\/a><\/h3><\/header><div class=\"cmsmasters_project_cont_info_wrapper\"><a class=\"cmsmasters_project_read_more\" href=\"https:\/\/pezoules.gr\/fr\/room\/mentha\/\">Plus<\/a><\/div><div class=\"cmsmasters_project_content entry-content\">\n<p>Suite caverne chaleureuse, qui offre intimit\u00e9 et luxe insulaire. Loin de tout bruit, le \u2018 Mentha Cave Suite\u2019 est situ\u00e9 sous la piscine \u00e0 d\u00e9bordement.<\/p>\n<\/div>\n<span class=\"dn meta-date\">20170518091419<\/span>\t<\/div>\r\n<\/article>\r\n<!-- Finish Project Grid Article -->\r\n\r\n<!-- Start Project Grid Article -->\r\n<article id=\"post-15690\" class=\"cmsmasters_project_grid post-15690 project type-project status-publish format-standard has-post-thumbnail hentry\">\r\n\t<div class=\"project_outer\">\r\n\t<div class=\"project_img_wrap\"><figure class=\"cmsmasters_img_rollover_wrap preloader\"><img loading=\"lazy\" decoding=\"async\" width=\"580\" height=\"420\" src=\"https:\/\/pezoules.gr\/wp-content\/uploads\/2020\/11\/07_pezoules_levanta_01_c-580x420.jpg\" class=\"full-width wp-post-image\" alt=\"LEVANTA\" title=\"07_pezoules_levanta_01_c\" \/><a href=\"https:\/\/pezoules.gr\/fr\/room\/levanta\/\" title=\"LEVANTA\" class=\"cmsmasters_open_link\"><\/a><\/figure><\/div><header class=\"cmsmasters_project_header entry-header\"><h3 class=\"cmsmasters_project_title entry-title\"><a href=\"https:\/\/pezoules.gr\/fr\/room\/levanta\/\">LEVANTA<\/a><\/h3><\/header><div class=\"cmsmasters_project_cont_info_wrapper\"><a class=\"cmsmasters_project_read_more\" href=\"https:\/\/pezoules.gr\/fr\/room\/levanta\/\">Plus<\/a><\/div><div class=\"cmsmasters_project_content entry-content\">\n<p>Suite caverne romantique, la plus proche du niveau de la mer.<\/p>\n<\/div>\n<span class=\"dn meta-date\">20170518092220<\/span>\t<\/div>\r\n<\/article>\r\n<!-- Finish Project Grid Article -->\r\n\r\n<\/div><\/div>\n<\/div><\/div>\n<\/div>\n<\/div>\n<\/div>\n<\/div>\n<\/div>\n\n","protected":false},"excerpt":{"rendered":"","protected":false},"author":1,"featured_media":0,"parent":0,"menu_order":1,"comment_status":"closed","ping_status":"closed","template":"","meta":{"inline_featured_image":false,"footnotes":""},"class_list":["post-15710","page","type-page","status-publish","hentry"],"yoast_head":"<!-- This site is optimized with the Yoast SEO plugin v26.9 - https:\/\/yoast.com\/product\/yoast-seo-wordpress\/ -->\n<title>Nos suites - Pezoules of Oia Hotel - Boutique Hotel in Santorini<\/title>\n<meta name=\"robots\" content=\"index, follow, max-snippet:-1, max-image-preview:large, max-video-preview:-1\" \/>\n<link rel=\"canonical\" href=\"https:\/\/pezoules.gr\/fr\/suites\/\" \/>\n<meta property=\"og:locale\" content=\"fr_FR\" \/>\n<meta property=\"og:type\" content=\"article\" \/>\n<meta property=\"og:title\" content=\"Nos suites - Pezoules of Oia Hotel - Boutique Hotel in Santorini\" \/>\n<meta property=\"og:url\" content=\"https:\/\/pezoules.gr\/fr\/suites\/\" \/>\n<meta property=\"og:site_name\" content=\"Pezoules of Oia Hotel - Boutique Hotel in Santorini\" \/>\n<meta property=\"article:publisher\" content=\"https:\/\/www.facebook.com\/pezoia\/\" \/>\n<meta property=\"article:modified_time\" content=\"2021-01-23T14:32:47+00:00\" \/>\n<meta name=\"twitter:card\" content=\"summary_large_image\" \/>\n<meta name=\"twitter:label1\" content=\"Dur\u00e9e de lecture estim\u00e9e\" \/>\n\t<meta name=\"twitter:data1\" content=\"1 minute\" \/>\n<script type=\"application\/ld+json\" class=\"yoast-schema-graph\">{\"@context\":\"https:\/\/schema.org\",\"@graph\":[{\"@type\":\"WebPage\",\"@id\":\"https:\/\/pezoules.gr\/fr\/suites\/\",\"url\":\"https:\/\/pezoules.gr\/fr\/suites\/\",\"name\":\"Nos suites - Pezoules of Oia Hotel - Boutique Hotel in Santorini\",\"isPartOf\":{\"@id\":\"https:\/\/pezoules.gr\/fr\/#website\"},\"datePublished\":\"2017-05-23T14:54:19+00:00\",\"dateModified\":\"2021-01-23T14:32:47+00:00\",\"breadcrumb\":{\"@id\":\"https:\/\/pezoules.gr\/fr\/suites\/#breadcrumb\"},\"inLanguage\":\"fr-FR\",\"potentialAction\":[{\"@type\":\"ReadAction\",\"target\":[\"https:\/\/pezoules.gr\/fr\/suites\/\"]}]},{\"@type\":\"BreadcrumbList\",\"@id\":\"https:\/\/pezoules.gr\/fr\/suites\/#breadcrumb\",\"itemListElement\":[{\"@type\":\"ListItem\",\"position\":1,\"name\":\"Accueil\",\"item\":\"https:\/\/pezoules.gr\/fr\/\"},{\"@type\":\"ListItem\",\"position\":2,\"name\":\"Nos suites\"}]},{\"@type\":\"WebSite\",\"@id\":\"https:\/\/pezoules.gr\/fr\/#website\",\"url\":\"https:\/\/pezoules.gr\/fr\/\",\"name\":\"Welcome to Pezoules of Oia\",\"description\":\"PEZOULES - EXCLUSIVE STAY HOTEL IN OIA SANTORINI\",\"publisher\":{\"@id\":\"https:\/\/pezoules.gr\/fr\/#organization\"},\"potentialAction\":[{\"@type\":\"SearchAction\",\"target\":{\"@type\":\"EntryPoint\",\"urlTemplate\":\"https:\/\/pezoules.gr\/fr\/?s={search_term_string}\"},\"query-input\":{\"@type\":\"PropertyValueSpecification\",\"valueRequired\":true,\"valueName\":\"search_term_string\"}}],\"inLanguage\":\"fr-FR\"},{\"@type\":\"Organization\",\"@id\":\"https:\/\/pezoules.gr\/fr\/#organization\",\"name\":\"Pezoules of Oia\",\"url\":\"https:\/\/pezoules.gr\/fr\/\",\"logo\":{\"@type\":\"ImageObject\",\"inLanguage\":\"fr-FR\",\"@id\":\"https:\/\/pezoules.gr\/fr\/#\/schema\/logo\/image\/\",\"url\":\"https:\/\/pezoules.gr\/wp-content\/uploads\/2020\/11\/pezoules_logo.png\",\"contentUrl\":\"https:\/\/pezoules.gr\/wp-content\/uploads\/2020\/11\/pezoules_logo.png\",\"width\":200,\"height\":70,\"caption\":\"Pezoules of Oia\"},\"image\":{\"@id\":\"https:\/\/pezoules.gr\/fr\/#\/schema\/logo\/image\/\"},\"sameAs\":[\"https:\/\/www.facebook.com\/pezoia\/\",\"https:\/\/www.instagram.com\/pezoules\/\"]}]}<\/script>\n<!-- \/ Yoast SEO plugin. -->","yoast_head_json":{"title":"Nos suites - Pezoules of Oia Hotel - Boutique Hotel in Santorini","robots":{"index":"index","follow":"follow","max-snippet":"max-snippet:-1","max-image-preview":"max-image-preview:large","max-video-preview":"max-video-preview:-1"},"canonical":"https:\/\/pezoules.gr\/fr\/suites\/","og_locale":"fr_FR","og_type":"article","og_title":"Nos suites - Pezoules of Oia Hotel - Boutique Hotel in Santorini","og_url":"https:\/\/pezoules.gr\/fr\/suites\/","og_site_name":"Pezoules of Oia Hotel - Boutique Hotel in Santorini","article_publisher":"https:\/\/www.facebook.com\/pezoia\/","article_modified_time":"2021-01-23T14:32:47+00:00","twitter_card":"summary_large_image","twitter_misc":{"Dur\u00e9e de lecture estim\u00e9e":"1 minute"},"schema":{"@context":"https:\/\/schema.org","@graph":[{"@type":"WebPage","@id":"https:\/\/pezoules.gr\/fr\/suites\/","url":"https:\/\/pezoules.gr\/fr\/suites\/","name":"Nos suites - Pezoules of Oia Hotel - Boutique Hotel in Santorini","isPartOf":{"@id":"https:\/\/pezoules.gr\/fr\/#website"},"datePublished":"2017-05-23T14:54:19+00:00","dateModified":"2021-01-23T14:32:47+00:00","breadcrumb":{"@id":"https:\/\/pezoules.gr\/fr\/suites\/#breadcrumb"},"inLanguage":"fr-FR","potentialAction":[{"@type":"ReadAction","target":["https:\/\/pezoules.gr\/fr\/suites\/"]}]},{"@type":"BreadcrumbList","@id":"https:\/\/pezoules.gr\/fr\/suites\/#breadcrumb","itemListElement":[{"@type":"ListItem","position":1,"name":"Accueil","item":"https:\/\/pezoules.gr\/fr\/"},{"@type":"ListItem","position":2,"name":"Nos suites"}]},{"@type":"WebSite","@id":"https:\/\/pezoules.gr\/fr\/#website","url":"https:\/\/pezoules.gr\/fr\/","name":"Welcome to Pezoules of Oia","description":"PEZOULES - EXCLUSIVE STAY HOTEL IN OIA SANTORINI","publisher":{"@id":"https:\/\/pezoules.gr\/fr\/#organization"},"potentialAction":[{"@type":"SearchAction","target":{"@type":"EntryPoint","urlTemplate":"https:\/\/pezoules.gr\/fr\/?s={search_term_string}"},"query-input":{"@type":"PropertyValueSpecification","valueRequired":true,"valueName":"search_term_string"}}],"inLanguage":"fr-FR"},{"@type":"Organization","@id":"https:\/\/pezoules.gr\/fr\/#organization","name":"Pezoules of Oia","url":"https:\/\/pezoules.gr\/fr\/","logo":{"@type":"ImageObject","inLanguage":"fr-FR","@id":"https:\/\/pezoules.gr\/fr\/#\/schema\/logo\/image\/","url":"https:\/\/pezoules.gr\/wp-content\/uploads\/2020\/11\/pezoules_logo.png","contentUrl":"https:\/\/pezoules.gr\/wp-content\/uploads\/2020\/11\/pezoules_logo.png","width":200,"height":70,"caption":"Pezoules of Oia"},"image":{"@id":"https:\/\/pezoules.gr\/fr\/#\/schema\/logo\/image\/"},"sameAs":["https:\/\/www.facebook.com\/pezoia\/","https:\/\/www.instagram.com\/pezoules\/"]}]}},"_links":{"self":[{"href":"https:\/\/pezoules.gr\/fr\/wp-json\/wp\/v2\/pages\/15710","targetHints":{"allow":["GET"]}}],"collection":[{"href":"https:\/\/pezoules.gr\/fr\/wp-json\/wp\/v2\/pages"}],"about":[{"href":"https:\/\/pezoules.gr\/fr\/wp-json\/wp\/v2\/types\/page"}],"author":[{"embeddable":true,"href":"https:\/\/pezoules.gr\/fr\/wp-json\/wp\/v2\/users\/1"}],"replies":[{"embeddable":true,"href":"https:\/\/pezoules.gr\/fr\/wp-json\/wp\/v2\/comments?post=15710"}],"version-history":[{"count":2,"href":"https:\/\/pezoules.gr\/fr\/wp-json\/wp\/v2\/pages\/15710\/revisions"}],"predecessor-version":[{"id":15712,"href":"https:\/\/pezoules.gr\/fr\/wp-json\/wp\/v2\/pages\/15710\/revisions\/15712"}],"wp:attachment":[{"href":"https:\/\/pezoules.gr\/fr\/wp-json\/wp\/v2\/media?parent=15710"}],"curies":[{"name":"wp","href":"https:\/\/api.w.org\/{rel}","templated":true}]}}