{"id":15724,"date":"2017-04-04T12:23:13","date_gmt":"2017-04-04T12:23:13","guid":{"rendered":"https:\/\/pezoules.gr\/terms-and-conditions\/"},"modified":"2021-01-24T15:16:17","modified_gmt":"2021-01-24T15:16:17","slug":"terms-and-conditions","status":"publish","type":"page","link":"https:\/\/pezoules.gr\/fr\/terms-and-conditions\/","title":{"rendered":"Conditions d&rsquo;utilisation"},"content":{"rendered":"<h3>CONDITIONS D&rsquo;UTILISATION<\/h3>\n<h5>1.- G\u00c9N\u00c9RALIT\u00c9S<\/h5>\n<p>Les services offerts par Pezoules d&rsquo;Oia sur le pr\u00e9sent site Internet sont r\u00e9gis par les clauses contenues dans les pr\u00e9sentes<br \/>\nconditions g\u00e9n\u00e9rales (sans pr\u00e9judice des autres mentions l\u00e9gales et conditions contenues dans le portail).<br \/>\nPezoules d&rsquo;Oia se r\u00e9serve le droit de modifier, int\u00e9gralement ou partiellement, ces conditions g\u00e9n\u00e9rales, les nouvelles convenues<br \/>\n\u00e9tant applicables d\u00e8s le moment de leur insertion sur le page.<\/p>\n<h5>2.- IDENTIFICATION<\/h5>\n<p>Pezoules d&rsquo;Oia, provides its services through the Internet on the page www.pezoules.gr.<br \/>\nAddresse: Oia Santorini, CP 84702, Greece.<br \/>\nPour toute question, suggestion ou r\u00e9clamation, l&rsquo;utilisateur peut s&rsquo;adresser aux bureaux de notre soci\u00e9t\u00e9 se trouvant \u00e0 l&rsquo;adresse<br \/>\nsusmentionn\u00e9e ou au courriel mail@pezoules.gr.<\/p>\n<h5>3.- CONDITIONS D&rsquo;ACC\u00c8S DE L&rsquo;UTILISATEUR<\/h5>\n<p>L&rsquo;utilisateur est tenu d&rsquo;utiliser les informations contenues dans le pr\u00e9sent site exclusivement aux fins propres du portail et<br \/>\nconcr\u00e8tement dans la finalit\u00e9 d&rsquo;obtenir des informations sur les services offerts et de formuler des suggestions et n&rsquo;appliquer,<br \/>\ndirectement ou indirectement, aucun type d&rsquo;exploitation commerciale diff\u00e9rente des utilisations autoris\u00e9es.<br \/>\nL&rsquo;utilisateur du site aura le droit \u00e0 l&rsquo;acc\u00e8s libre et gratuit aux informations publiques collect\u00e9es sur celui-ci, mais Pezoules<br \/>\nd&rsquo;Oia se r\u00e9serve le droit de restreindre l&rsquo;acc\u00e8s \u00e0 certaines sections et certains services du portail \u00e0 ses clients.<\/p>\n<h5>4.- PROPRI\u00c9T\u00c9 INTELLECTUELLE ET INDUSTRIELLE<\/h5>\n<p>Les droits li\u00e9s \u00e0 la propri\u00e9t\u00e9 industrielle et intellectuelle (principalement mais pas uniquement les marques, logos, textes,<br \/>\nphotographies, ic\u00f4nes, images, etc. ainsi que la maquette graphique, le code source et autres \u00e9l\u00e9ments logiciels contenus dans le<br \/>\npr\u00e9sent site) sont propri\u00e9t\u00e9 de Pezoules d&rsquo;Oia ou des autres \u00e9tablissements pouvant offrir des informations \u00e0 travers le portail. Par<br \/>\ncons\u00e9quent, ils sont soumis aux droits de propri\u00e9t\u00e9 intellectuelle et industrielle prot\u00e9g\u00e9s par la l\u00e9gislation grecque et<br \/>\ninternationale.<br \/>\nSans l&rsquo;autorisation pr\u00e9alable \u00e9crite et justifi\u00e9e de Pezoules d&rsquo;Oia ou, le cas \u00e9ch\u00e9ant, de l&rsquo;\u00e9tablissement titulaire des droits,<br \/>\ntoute utilisation, reproduction, transmission, manipulation ainsi que toute utilisation exc\u00e9dant l&rsquo;utilisation n\u00e9cessaire pour la<br \/>\nvisite de la page et l&rsquo;utilisation des services offerts, est interdite.<br \/>\nL&rsquo;acc\u00e8s aux services pr\u00eat\u00e9s n&rsquo;implique, ni de la part de Pezoules d&rsquo;Oia, ni de la part du titulaire respectif, aucune renonciation,<br \/>\ntransmission, cession totale ou partielle des droits d\u00e9riv\u00e9s de la propri\u00e9t\u00e9 intellectuelle et industrielle ni aucune attribution de<br \/>\ndroits d&rsquo;utilisation, d&rsquo;alt\u00e9ration, d&rsquo;exploitation, de reproduction, de distribution ou de communication publique sur ces contenus<br \/>\nsans l&rsquo;autorisation pr\u00e9alable, expresse et \u00e9crite des titulaires respectifs de ces droits, sans pr\u00e9judice du droit de visualisation<br \/>\net d&rsquo;obtention d&rsquo;une sauvegarde priv\u00e9e de ces contenus, \u00e0 condition que ledit droit soit exerc\u00e9 conform\u00e9ment aux principes de bonne<br \/>\nfoi et que la propri\u00e9t\u00e9 intellectuelle et industrielle du titulaire des droits demeure inchang\u00e9e et que l&rsquo;utilisation soit r\u00e9alis\u00e9e \u00e0<br \/>\ndes fins non commerciales et exclusivement pour l&rsquo;information personnelle de l&rsquo;utilisateur.<br \/>\nLa responsabilit\u00e9 d\u00e9riv\u00e9e de l&rsquo;utilisation de mat\u00e9riaux prot\u00e9g\u00e9s par les droits de propri\u00e9t\u00e9 intellectuelle et industrielle contenus<br \/>\ndans ce site revient exclusivement \u00e0 l&rsquo;utilisateur.<\/p>\n<h5>5.- OBJET DU PORTAIL<\/h5>\n<p>Le pr\u00e9sent site a \u00e9t\u00e9 con\u00e7u par Pezoules d&rsquo;Oia pour fournir des informations relatives \u00e0 ses services.<br \/>\nLe site dispose de coordonn\u00e9es et de formulaires \u00e0 travers lesquels les utilisateurs peuvent s&rsquo;adresser \u00e0 l&rsquo;entreprise aux effets<br \/>\npr\u00e9vus dans chaque cas, conform\u00e9ment \u00e0 la r\u00e9gulation des clauses du portail.<br \/>\nPezoules d&rsquo;Oia se r\u00e9serve le droit d&rsquo;apporter au site autant de modifications et de mises \u00e0 jour qu&rsquo;il lui convient.<\/p>\n<h5>6.- EXON\u00c9RATION DE RESPONSABILIT\u00c9<\/h5>\n<p>Pezoules d&rsquo;Oia ne r\u00e9pondra pas des interruptions pouvant survenir dans les services \u00e9lectriques ou de t\u00e9l\u00e9communications qui<br \/>\nemp\u00eachent aux utilisateurs d&rsquo;utiliser les services offerts.<br \/>\nPezoules d&rsquo;Oia ne r\u00e9pondra face \u00e0 aucune \u00e9ventuelle responsabilit\u00e9 des dommages de toute nature pouvant \u00eatre dus au manque<br \/>\nd&rsquo;exactitude, de vigueur, d&rsquo;exhaustivit\u00e9 ou d&rsquo;authenticit\u00e9 des informations fournies par les utilisateurs.<br \/>\nAussi, Pezoules d&rsquo;Oia ne r\u00e9pondra pas des sites auxquels il est possible de se rendre \u00e0 travers de liens ou links, banni\u00e8res ou<br \/>\nautres dispositifs, ni des contenus que ces derniers pourraient inclure dans leurs portails.<br \/>\nPezoules d&rsquo;Oia ne garantit pas l&rsquo;inexistence d&rsquo;erreurs dans l&rsquo;acc\u00e8s au portail, dans son contenu, ni que celui-ci soit \u00e0 jour, m\u00eame<br \/>\nsi elle d\u00e9ploiera tous ses efforts pour \u00e9viter d&rsquo;\u00e9ventuelles erreurs et dans le cas o\u00f9 elles surviendraient, pour pouvoir les<br \/>\nr\u00e9soudre ou les mettre \u00e0 jour.<br \/>\nPezoules d&rsquo;Oia se r\u00e9serve de r\u00e9aliser, \u00e0 tout moment et sans qu&rsquo;aucun pr\u00e9avis ne soit n\u00e9cessaire, des modifications et des mises \u00e0<br \/>\njour des informations contenues dans son portail ou dans la configuration et pr\u00e9sentation de celui-ci.<br \/>\nLa responsabilit\u00e9 de l&rsquo;acc\u00e8s au portail et de l&rsquo;utilisation possible des informations qu&rsquo;il contient revient \u00e0 celui qui le ou la<br \/>\nr\u00e9alise. Pezoules d&rsquo;Oia ne sera pas tenue responsable des dommages pouvant d\u00e9riv\u00e9s dudit acc\u00e8s ou de ladite utilisation des<br \/>\ninformations.<\/p>\n<h5>7.- PROTECTION DES DONN\u00c9ES \u00c0 CARACT\u00c8RE PERSONNEL<\/h5>\n<p>Informations<br \/>\nLes informations re\u00e7ues \u00e0 travers la pr\u00e9sente page seront trait\u00e9es dans la plus grande r\u00e9serve et confidentialit\u00e9 conform\u00e9ment \u00e0 la<br \/>\nr\u00e9glementation en vigueur.<br \/>\nPezoules d&rsquo;Oia informe les utilisateurs que les donn\u00e9es \u00e0 caract\u00e8re personnel qu&rsquo;ils peuvent fournir \u00e0 travers ce site seront<br \/>\ntrait\u00e9es sous la responsabilit\u00e9 de Pezoules d&rsquo;Oia au effet de la gestion des services fournis \u00e0 travers le pr\u00e9sent portail Internet.<br \/>\nPezoules d&rsquo;Oia peut utiliser les donn\u00e9es d&rsquo;identification et les coordonn\u00e9es des utilisateurs pour les tenir inform\u00e9s des activit\u00e9s,<br \/>\nproduits et services de l&rsquo;h\u00f4tel.<br \/>\nEn fournissant vos donn\u00e9es \u00e0 travers les formulaires inclus sur ce site, vous donnez votre consentement au traitement de ces<br \/>\nderni\u00e8res conform\u00e9ment aux conditions \u00e9tablies dans cette clause d&rsquo;information.<\/p>\n<p>Conservation des donn\u00e9es<br \/>\nLes donn\u00e9es fournies seront conserv\u00e9es tant que la cessation de l&rsquo;activit\u00e9 n&rsquo;est pas demand\u00e9e ; que la relation commerciale est<br \/>\nmaintenue ; pendant les ann\u00e9es n\u00e9cessaires \u00e0 l&rsquo;ex\u00e9cution des obligations l\u00e9gales ou jusqu&rsquo;\u00e0 ce qu&rsquo;elles cessent d&rsquo;\u00eatre n\u00e9cessaires ou<br \/>\npertinentes \u00e0 l&rsquo;effet pour lequel elles ont \u00e9t\u00e9 collect\u00e9es ou enregistr\u00e9es.<\/p>\n<p>Destinataires :<br \/>\nLes donn\u00e9es ne seront pas c\u00e9d\u00e9es \u00e0 des tierces parties .<br \/>\nDroits d&rsquo;acc\u00e8s, de rectification, d&rsquo;annulation et d&rsquo;opposition<br \/>\nVous pouvez demander \u00e0 tout moment l&rsquo;acc\u00e8s \u00e0 vos donn\u00e9es \u00e0 caract\u00e8re personnel ainsi que leur rectification, opposition et<br \/>\nannulation. Vous devrez pour cela vous adresser au Pezoules d&rsquo;Oia par courrier postal \u00e0 Oia Santorini, CP 84702 Gr\u00e8ce ou par<br \/>\ncourriel \u00e0 mail@pezoules.gr<\/p>\n<p>S\u00e9curit\u00e9 dans le traitement, processus informatique et d\u00e9p\u00f4t de donn\u00e9es<br \/>\nPezoules d&rsquo;Oia d\u00e9clare et garantit qu&rsquo;elle maintient les niveaux de s\u00e9curit\u00e9 de protection des donn\u00e9es \u00e0 caract\u00e8re personnel<br \/>\nconform\u00e9ment \u00e0 la l\u00e9gislation en vigueur. Pour cela, elle \u00e9tablit un Syst\u00e8me de gestion de la protection des donn\u00e9es \u00e0 caract\u00e8re<br \/>\npersonnel dans la finalit\u00e9 de d\u00e9terminer et d&rsquo;implanter tous les moyens techniques et organisationnels \u00e0 sa port\u00e9e pour \u00e9viter la<br \/>\nperte, l&rsquo;utilisation inad\u00e9quate, l&rsquo;alt\u00e9ration, l&rsquo;acc\u00e8s non autoris\u00e9 et le vol des donn\u00e9es fournies par les utilisateurs, sans<br \/>\npr\u00e9judice du fait que les mesures de s\u00e9curit\u00e9 sur Internet ne sont pas inviolables.<\/p>\n<h5>8.- L\u00c9GISLATION APPLICABLE<\/h5>\n<p>Les pr\u00e9sentes conditions g\u00e9n\u00e9rales sont r\u00e9gies par la l\u00e9gislation grecque.<\/p>\n","protected":false},"excerpt":{"rendered":"<p>CONDITIONS D&rsquo;UTILISATION 1.- G\u00c9N\u00c9RALIT\u00c9S Les services offerts par Pezoules d&rsquo;Oia sur le pr\u00e9sent site Internet sont r\u00e9gis par les clauses contenues dans les pr\u00e9sentes conditions g\u00e9n\u00e9rales (sans pr\u00e9judice des autres mentions l\u00e9gales et conditions contenues dans le portail). Pezoules d&rsquo;Oia se r\u00e9serve le droit de modifier, int\u00e9gralement ou partiellement, ces conditions g\u00e9n\u00e9rales, les nouvelles convenues&#8230;<\/p>\n","protected":false},"author":1,"featured_media":0,"parent":0,"menu_order":101,"comment_status":"closed","ping_status":"closed","template":"","meta":{"inline_featured_image":false,"footnotes":""},"class_list":["post-15724","page","type-page","status-publish","hentry"],"yoast_head":"<!-- This site is optimized with the Yoast SEO plugin v26.9 - https:\/\/yoast.com\/product\/yoast-seo-wordpress\/ -->\n<title>Conditions d&#039;utilisation - Pezoules of Oia Hotel - Boutique Hotel in Santorini<\/title>\n<meta name=\"robots\" content=\"index, follow, max-snippet:-1, max-image-preview:large, max-video-preview:-1\" \/>\n<link rel=\"canonical\" href=\"https:\/\/pezoules.gr\/fr\/terms-and-conditions\/\" \/>\n<meta property=\"og:locale\" content=\"fr_FR\" \/>\n<meta property=\"og:type\" content=\"article\" \/>\n<meta property=\"og:title\" content=\"Conditions d&#039;utilisation - Pezoules of Oia Hotel - Boutique Hotel in Santorini\" \/>\n<meta property=\"og:description\" content=\"CONDITIONS D&rsquo;UTILISATION 1.- G\u00c9N\u00c9RALIT\u00c9S Les services offerts par Pezoules d&rsquo;Oia sur le pr\u00e9sent site Internet sont r\u00e9gis par les clauses contenues dans les pr\u00e9sentes conditions g\u00e9n\u00e9rales (sans pr\u00e9judice des autres mentions l\u00e9gales et conditions contenues dans le portail). Pezoules d&rsquo;Oia se r\u00e9serve le droit de modifier, int\u00e9gralement ou partiellement, ces conditions g\u00e9n\u00e9rales, les nouvelles convenues...\" \/>\n<meta property=\"og:url\" content=\"https:\/\/pezoules.gr\/fr\/terms-and-conditions\/\" \/>\n<meta property=\"og:site_name\" content=\"Pezoules of Oia Hotel - Boutique Hotel in Santorini\" \/>\n<meta property=\"article:publisher\" content=\"https:\/\/www.facebook.com\/pezoia\/\" \/>\n<meta property=\"article:modified_time\" content=\"2021-01-24T15:16:17+00:00\" \/>\n<meta name=\"twitter:card\" content=\"summary_large_image\" \/>\n<meta name=\"twitter:label1\" content=\"Dur\u00e9e de lecture estim\u00e9e\" \/>\n\t<meta name=\"twitter:data1\" content=\"6 minutes\" \/>\n<script type=\"application\/ld+json\" class=\"yoast-schema-graph\">{\"@context\":\"https:\/\/schema.org\",\"@graph\":[{\"@type\":\"WebPage\",\"@id\":\"https:\/\/pezoules.gr\/fr\/terms-and-conditions\/\",\"url\":\"https:\/\/pezoules.gr\/fr\/terms-and-conditions\/\",\"name\":\"Conditions d'utilisation - Pezoules of Oia Hotel - Boutique Hotel in Santorini\",\"isPartOf\":{\"@id\":\"https:\/\/pezoules.gr\/fr\/#website\"},\"datePublished\":\"2017-04-04T12:23:13+00:00\",\"dateModified\":\"2021-01-24T15:16:17+00:00\",\"breadcrumb\":{\"@id\":\"https:\/\/pezoules.gr\/fr\/terms-and-conditions\/#breadcrumb\"},\"inLanguage\":\"fr-FR\",\"potentialAction\":[{\"@type\":\"ReadAction\",\"target\":[\"https:\/\/pezoules.gr\/fr\/terms-and-conditions\/\"]}]},{\"@type\":\"BreadcrumbList\",\"@id\":\"https:\/\/pezoules.gr\/fr\/terms-and-conditions\/#breadcrumb\",\"itemListElement\":[{\"@type\":\"ListItem\",\"position\":1,\"name\":\"Accueil\",\"item\":\"https:\/\/pezoules.gr\/fr\/\"},{\"@type\":\"ListItem\",\"position\":2,\"name\":\"Conditions d&#8217;utilisation\"}]},{\"@type\":\"WebSite\",\"@id\":\"https:\/\/pezoules.gr\/fr\/#website\",\"url\":\"https:\/\/pezoules.gr\/fr\/\",\"name\":\"Welcome to Pezoules of Oia\",\"description\":\"PEZOULES - EXCLUSIVE STAY HOTEL IN OIA SANTORINI\",\"publisher\":{\"@id\":\"https:\/\/pezoules.gr\/fr\/#organization\"},\"potentialAction\":[{\"@type\":\"SearchAction\",\"target\":{\"@type\":\"EntryPoint\",\"urlTemplate\":\"https:\/\/pezoules.gr\/fr\/?s={search_term_string}\"},\"query-input\":{\"@type\":\"PropertyValueSpecification\",\"valueRequired\":true,\"valueName\":\"search_term_string\"}}],\"inLanguage\":\"fr-FR\"},{\"@type\":\"Organization\",\"@id\":\"https:\/\/pezoules.gr\/fr\/#organization\",\"name\":\"Pezoules of Oia\",\"url\":\"https:\/\/pezoules.gr\/fr\/\",\"logo\":{\"@type\":\"ImageObject\",\"inLanguage\":\"fr-FR\",\"@id\":\"https:\/\/pezoules.gr\/fr\/#\/schema\/logo\/image\/\",\"url\":\"https:\/\/pezoules.gr\/wp-content\/uploads\/2020\/11\/pezoules_logo.png\",\"contentUrl\":\"https:\/\/pezoules.gr\/wp-content\/uploads\/2020\/11\/pezoules_logo.png\",\"width\":200,\"height\":70,\"caption\":\"Pezoules of Oia\"},\"image\":{\"@id\":\"https:\/\/pezoules.gr\/fr\/#\/schema\/logo\/image\/\"},\"sameAs\":[\"https:\/\/www.facebook.com\/pezoia\/\",\"https:\/\/www.instagram.com\/pezoules\/\"]}]}<\/script>\n<!-- \/ Yoast SEO plugin. -->","yoast_head_json":{"title":"Conditions d'utilisation - Pezoules of Oia Hotel - Boutique Hotel in Santorini","robots":{"index":"index","follow":"follow","max-snippet":"max-snippet:-1","max-image-preview":"max-image-preview:large","max-video-preview":"max-video-preview:-1"},"canonical":"https:\/\/pezoules.gr\/fr\/terms-and-conditions\/","og_locale":"fr_FR","og_type":"article","og_title":"Conditions d'utilisation - Pezoules of Oia Hotel - Boutique Hotel in Santorini","og_description":"CONDITIONS D&rsquo;UTILISATION 1.- G\u00c9N\u00c9RALIT\u00c9S Les services offerts par Pezoules d&rsquo;Oia sur le pr\u00e9sent site Internet sont r\u00e9gis par les clauses contenues dans les pr\u00e9sentes conditions g\u00e9n\u00e9rales (sans pr\u00e9judice des autres mentions l\u00e9gales et conditions contenues dans le portail). Pezoules d&rsquo;Oia se r\u00e9serve le droit de modifier, int\u00e9gralement ou partiellement, ces conditions g\u00e9n\u00e9rales, les nouvelles convenues...","og_url":"https:\/\/pezoules.gr\/fr\/terms-and-conditions\/","og_site_name":"Pezoules of Oia Hotel - Boutique Hotel in Santorini","article_publisher":"https:\/\/www.facebook.com\/pezoia\/","article_modified_time":"2021-01-24T15:16:17+00:00","twitter_card":"summary_large_image","twitter_misc":{"Dur\u00e9e de lecture estim\u00e9e":"6 minutes"},"schema":{"@context":"https:\/\/schema.org","@graph":[{"@type":"WebPage","@id":"https:\/\/pezoules.gr\/fr\/terms-and-conditions\/","url":"https:\/\/pezoules.gr\/fr\/terms-and-conditions\/","name":"Conditions d'utilisation - Pezoules of Oia Hotel - Boutique Hotel in Santorini","isPartOf":{"@id":"https:\/\/pezoules.gr\/fr\/#website"},"datePublished":"2017-04-04T12:23:13+00:00","dateModified":"2021-01-24T15:16:17+00:00","breadcrumb":{"@id":"https:\/\/pezoules.gr\/fr\/terms-and-conditions\/#breadcrumb"},"inLanguage":"fr-FR","potentialAction":[{"@type":"ReadAction","target":["https:\/\/pezoules.gr\/fr\/terms-and-conditions\/"]}]},{"@type":"BreadcrumbList","@id":"https:\/\/pezoules.gr\/fr\/terms-and-conditions\/#breadcrumb","itemListElement":[{"@type":"ListItem","position":1,"name":"Accueil","item":"https:\/\/pezoules.gr\/fr\/"},{"@type":"ListItem","position":2,"name":"Conditions d&#8217;utilisation"}]},{"@type":"WebSite","@id":"https:\/\/pezoules.gr\/fr\/#website","url":"https:\/\/pezoules.gr\/fr\/","name":"Welcome to Pezoules of Oia","description":"PEZOULES - EXCLUSIVE STAY HOTEL IN OIA SANTORINI","publisher":{"@id":"https:\/\/pezoules.gr\/fr\/#organization"},"potentialAction":[{"@type":"SearchAction","target":{"@type":"EntryPoint","urlTemplate":"https:\/\/pezoules.gr\/fr\/?s={search_term_string}"},"query-input":{"@type":"PropertyValueSpecification","valueRequired":true,"valueName":"search_term_string"}}],"inLanguage":"fr-FR"},{"@type":"Organization","@id":"https:\/\/pezoules.gr\/fr\/#organization","name":"Pezoules of Oia","url":"https:\/\/pezoules.gr\/fr\/","logo":{"@type":"ImageObject","inLanguage":"fr-FR","@id":"https:\/\/pezoules.gr\/fr\/#\/schema\/logo\/image\/","url":"https:\/\/pezoules.gr\/wp-content\/uploads\/2020\/11\/pezoules_logo.png","contentUrl":"https:\/\/pezoules.gr\/wp-content\/uploads\/2020\/11\/pezoules_logo.png","width":200,"height":70,"caption":"Pezoules of Oia"},"image":{"@id":"https:\/\/pezoules.gr\/fr\/#\/schema\/logo\/image\/"},"sameAs":["https:\/\/www.facebook.com\/pezoia\/","https:\/\/www.instagram.com\/pezoules\/"]}]}},"_links":{"self":[{"href":"https:\/\/pezoules.gr\/fr\/wp-json\/wp\/v2\/pages\/15724","targetHints":{"allow":["GET"]}}],"collection":[{"href":"https:\/\/pezoules.gr\/fr\/wp-json\/wp\/v2\/pages"}],"about":[{"href":"https:\/\/pezoules.gr\/fr\/wp-json\/wp\/v2\/types\/page"}],"author":[{"embeddable":true,"href":"https:\/\/pezoules.gr\/fr\/wp-json\/wp\/v2\/users\/1"}],"replies":[{"embeddable":true,"href":"https:\/\/pezoules.gr\/fr\/wp-json\/wp\/v2\/comments?post=15724"}],"version-history":[{"count":4,"href":"https:\/\/pezoules.gr\/fr\/wp-json\/wp\/v2\/pages\/15724\/revisions"}],"predecessor-version":[{"id":15769,"href":"https:\/\/pezoules.gr\/fr\/wp-json\/wp\/v2\/pages\/15724\/revisions\/15769"}],"wp:attachment":[{"href":"https:\/\/pezoules.gr\/fr\/wp-json\/wp\/v2\/media?parent=15724"}],"curies":[{"name":"wp","href":"https:\/\/api.w.org\/{rel}","templated":true}]}}